{"id":2048,"date":"2026-04-27T16:14:27","date_gmt":"2026-04-27T16:14:27","guid":{"rendered":"https:\/\/marokkanische-weine.de\/?post_type=product&#038;p=2048"},"modified":"2026-04-27T16:14:27","modified_gmt":"2026-04-27T16:14:27","slug":"tasting-marokkanische-weine-und-tapas","status":"publish","type":"product","link":"https:\/\/marokkanische-weine.de\/en\/product\/tasting-marokkanische-weine-und-tapas\/","title":{"rendered":"Tasting: Marokkanische Weine &#038; Tapas"},"content":{"rendered":"<p data-path-to-node=\"6\"><b data-path-to-node=\"6\" data-index-in-node=\"0\">Tauche ein in die Welt von 1001 Nacht \u2013 mitten in Darmstadt.<\/b><\/p>\n<p data-path-to-node=\"7\">Vergiss den Standard-Weinkurs. Wir holen dir die Sonne Marokkos direkt in die City. Bei unserem <b data-path-to-node=\"7\" data-index-in-node=\"96\">Maghreb Soul Tasting<\/b> entf\u00fchren wir dich und maximal 11 weitere Connaisseurs auf eine sensorische Reise, die den Asphalt von Darmstadt kurzzeitig in den W\u00fcstensand von Marrakesch verwandelt.<\/p>\n<p data-path-to-node=\"8\"><b data-path-to-node=\"8\" data-index-in-node=\"0\">Was dich erwartet:<\/b><\/p>\n<ul data-path-to-node=\"9\">\n<li>\n<p data-path-to-node=\"9,0,0\"><b data-path-to-node=\"9,0,0\" data-index-in-node=\"0\">The Lineup:<\/b> Wir verkosten eine handverlesene Auswahl an Rot-, Ros\u00e9-, Gris- und Wei\u00dfweinen, die du so garantiert nicht im Supermarktregal findest. Tiefgr\u00fcndig, w\u00fcrzig, \u00fcberraschend.<\/p>\n<\/li>\n<li>\n<p data-path-to-node=\"9,1,0\"><b data-path-to-node=\"9,1,0\" data-index-in-node=\"0\">Pairing:<\/b> Dazu servieren wir authentische marokkanische Tapas \u2013 klein, intensiv und perfekt abgestimmt auf die exklusiven Tropfen.<\/p>\n<\/li>\n<li>\n<p data-path-to-node=\"9,2,0\"><b data-path-to-node=\"9,2,0\" data-index-in-node=\"0\">The Vibe:<\/b> W\u00e4hrend du den Wein genie\u00dft, tauchen wir ein in die mystische Welt des Orients. Eine professionelle M\u00e4rchenerz\u00e4hlung holt dich aus dem Alltagstrott und nimmt dich mit auf eine Reise durch die Zeit.<\/p>\n<\/li>\n<\/ul>\n<p data-path-to-node=\"10\"><b data-path-to-node=\"10\" data-index-in-node=\"0\">Hard Facts:<\/b><\/p>\n<ul data-path-to-node=\"11\">\n<li>\n<p data-path-to-node=\"11,0,0\"><b data-path-to-node=\"11,0,0\" data-index-in-node=\"0\">Wann?<\/b> Jeden 2. und 4. Donnerstag im Monat.<\/p>\n<\/li>\n<li>\n<p data-path-to-node=\"11,1,0\"><b data-path-to-node=\"11,1,0\" data-index-in-node=\"0\">Slots:<\/b> 17:00 \u2013 19:00 Uhr (After-Work-Vibe) oder 20:00 \u2013 22:00 Uhr (Late Night Mood).<\/p>\n<\/li>\n<li>\n<p data-path-to-node=\"11,2,0\"><b data-path-to-node=\"11,2,0\" data-index-in-node=\"0\">Limit:<\/b> Maximal 12 Personen \u2013 Intimit\u00e4t ist hier Programm.<\/p>\n<\/li>\n<li>\n<p data-path-to-node=\"11,3,0\"><b data-path-to-node=\"11,3,0\" data-index-in-node=\"0\">Wo:<\/b> Darmstadt (Die genaue Location verraten wir nach der Buchung).<\/p>\n<\/li>\n<\/ul>\n<p data-path-to-node=\"12\"><b data-path-to-node=\"12\" data-index-in-node=\"0\">Ready to elevate your Thursday?<\/b><\/p>\n<p data-path-to-node=\"12\">Sichere dir deinen Platz, bevor die Session ausgebucht ist. Kein Schnickschnack, nur guter Wein, echte Storys und der Vibe, den du f\u00fcr deinen Feierabend brauchst.<\/p>","protected":false},"excerpt":{"rendered":"<p>Tauche ein in die Welt von 1001 Nacht \u2013 mitten in Darmstadt. Vergiss den Standard-Weinkurs. Wir holen dir die Sonne Marokkos direkt in die City. Bei unserem Maghreb Soul Tasting entf\u00fchren wir dich und maximal 11 weitere Connaisseurs auf eine sensorische Reise, die den Asphalt von Darmstadt kurzzeitig in den W\u00fcstensand von Marrakesch verwandelt. Was [&hellip;]<\/p>\n","protected":false},"featured_media":1334,"template":"","meta":{"_acf_changed":false},"product_brand":[],"product_cat":[16],"product_tag":[],"class_list":{"0":"post-2048","1":"product","2":"type-product","3":"status-publish","4":"has-post-thumbnail","6":"product_cat-frei","8":"first","9":"instock","10":"taxable","11":"shipping-taxable","12":"purchasable","13":"product-type-variable"},"acf":[],"_links":{"self":[{"href":"https:\/\/marokkanische-weine.de\/en\/wp-json\/wp\/v2\/product\/2048","targetHints":{"allow":["GET"]}}],"collection":[{"href":"https:\/\/marokkanische-weine.de\/en\/wp-json\/wp\/v2\/product"}],"about":[{"href":"https:\/\/marokkanische-weine.de\/en\/wp-json\/wp\/v2\/types\/product"}],"wp:featuredmedia":[{"embeddable":true,"href":"https:\/\/marokkanische-weine.de\/en\/wp-json\/wp\/v2\/media\/1334"}],"wp:attachment":[{"href":"https:\/\/marokkanische-weine.de\/en\/wp-json\/wp\/v2\/media?parent=2048"}],"wp:term":[{"taxonomy":"product_brand","embeddable":true,"href":"https:\/\/marokkanische-weine.de\/en\/wp-json\/wp\/v2\/product_brand?post=2048"},{"taxonomy":"product_cat","embeddable":true,"href":"https:\/\/marokkanische-weine.de\/en\/wp-json\/wp\/v2\/product_cat?post=2048"},{"taxonomy":"product_tag","embeddable":true,"href":"https:\/\/marokkanische-weine.de\/en\/wp-json\/wp\/v2\/product_tag?post=2048"}],"curies":[{"name":"wp","href":"https:\/\/api.w.org\/{rel}","templated":true}]}}