{"id":2004,"date":"2026-02-06T15:37:23","date_gmt":"2026-02-06T15:37:23","guid":{"rendered":"https:\/\/marokkanische-weine.de\/?post_type=product&#038;p=2004"},"modified":"2026-02-06T22:38:15","modified_gmt":"2026-02-06T22:38:15","slug":"guerrouane-vin-du-maroc-rot-2023-13","status":"publish","type":"product","link":"https:\/\/marokkanische-weine.de\/en\/product\/guerrouane-vin-du-maroc-rot-2023-13\/","title":{"rendered":"AIN LORMA GUERROUANE VIN DU MAROC ROT 2023 | 13%"},"content":{"rendered":"<p>A\u00efn Lorma Rouge ist ein charaktervoller <strong data-start=\"288\" data-end=\"314\">marokkanischer Rotwein<\/strong> aus der bekannten Weinbauregion <strong data-start=\"347\" data-end=\"375\">Guerrouane (N\u00e4he Mekn\u00e8s)<\/strong>, der Tradition und mediterranes Terroir verbindet. Die Cuv\u00e9e aus klassischen Rebsorten bringt einen ausdrucksstarken, zugleich zug\u00e4nglichen Wein hervor, der sowohl Einsteiger als auch erfahrene Weinliebhaber begeistert.<\/p>","protected":false},"excerpt":{"rendered":"<p>Der <strong data-start=\"2543\" data-end=\"2562\">A\u00efn Lorma Rouge<\/strong> ist ein <strong data-start=\"2571\" data-end=\"2622\">authentischer, zug\u00e4nglicher Rotwein aus Marokko<\/strong>, der mit seiner rubinroten Farbe, fruchtig\u2011w\u00fcrzigen Aromatik und angenehmen Struktur \u00fcberzeugt. Er repr\u00e4sentiert die Weintradition der Guerrouane\u2011Region und bietet ein hervorragendes Preis\u2011Genuss\u2011Verh\u00e4ltnis \u2013 ideal f\u00fcr Genie\u00dfer von mediterranen Weinen.<\/p>","protected":false},"featured_media":0,"template":"","meta":{"_acf_changed":false},"product_brand":[],"product_cat":[36,28,21,33],"product_tag":[],"class_list":{"0":"post-2004","1":"product","2":"type-product","3":"status-publish","5":"product_cat-volumen_ml_750","6":"product_cat-marokko","7":"product_cat-rot","8":"product_cat-wein","10":"first","11":"instock","12":"taxable","13":"shipping-taxable","14":"purchasable","15":"product-type-simple"},"acf":[],"_links":{"self":[{"href":"https:\/\/marokkanische-weine.de\/en\/wp-json\/wp\/v2\/product\/2004","targetHints":{"allow":["GET"]}}],"collection":[{"href":"https:\/\/marokkanische-weine.de\/en\/wp-json\/wp\/v2\/product"}],"about":[{"href":"https:\/\/marokkanische-weine.de\/en\/wp-json\/wp\/v2\/types\/product"}],"wp:attachment":[{"href":"https:\/\/marokkanische-weine.de\/en\/wp-json\/wp\/v2\/media?parent=2004"}],"wp:term":[{"taxonomy":"product_brand","embeddable":true,"href":"https:\/\/marokkanische-weine.de\/en\/wp-json\/wp\/v2\/product_brand?post=2004"},{"taxonomy":"product_cat","embeddable":true,"href":"https:\/\/marokkanische-weine.de\/en\/wp-json\/wp\/v2\/product_cat?post=2004"},{"taxonomy":"product_tag","embeddable":true,"href":"https:\/\/marokkanische-weine.de\/en\/wp-json\/wp\/v2\/product_tag?post=2004"}],"curies":[{"name":"wp","href":"https:\/\/api.w.org\/{rel}","templated":true}]}}