{"id":1995,"date":"2026-02-05T15:21:20","date_gmt":"2026-02-05T15:21:20","guid":{"rendered":"https:\/\/marokkanische-weine.de\/?post_type=product&#038;p=1995"},"modified":"2026-02-06T23:20:53","modified_gmt":"2026-02-06T23:20:53","slug":"dme-riad-jamil-carignan","status":"publish","type":"product","link":"https:\/\/marokkanische-weine.de\/en\/product\/dme-riad-jamil-carignan\/","title":{"rendered":"Domaine RIAD JAMIL CARIGNAN 2022 | 13%"},"content":{"rendered":"<p data-start=\"327\" data-end=\"634\">Der <strong data-start=\"331\" data-end=\"358\">DME Riad Jamil Carignan<\/strong> ist ein charaktervoller marokkanischer Rotwein, der aus der traditionellen Rebsorte <strong data-start=\"443\" data-end=\"455\">Carignan<\/strong> gekeltert wird. Die Reben wachsen in den warmen Weinbergen Marokkos, wo mediterranes Klima und mineralreiche B\u00f6den ideale Bedingungen f\u00fcr kraftvolle und aromatische Weine bieten.<\/p>\n<p data-start=\"636\" data-end=\"925\">Im Glas zeigt sich dieser Wein in einem tiefen Rubinrot. In der Nase entfalten sich intensive Aromen von dunklen Beeren, Kirschen und feinen Gew\u00fcrznoten. Am Gaumen pr\u00e4sentiert er sich trocken, vollmundig und harmonisch mit einer angenehmen Tanninstruktur und einem langen, w\u00fcrzigen Abgang.<\/p>\n<p data-start=\"927\" data-end=\"1074\">Der Riad Jamil Carignan eignet sich hervorragend als Begleiter zu gegrilltem Fleisch, Lamm, w\u00fcrzigen orientalischen Gerichten sowie gereiftem K\u00e4se.<\/p>","protected":false},"excerpt":{"rendered":"<p>Kr\u00e4ftiger marokkanischer Rotwein aus der Carignan-Traube mit Aromen von dunklen Beeren und Gew\u00fcrzen. Trocken, vollmundig und ideal zu Fleisch und K\u00e4se. 0,75 l Flasche.<\/p>","protected":false},"featured_media":1996,"template":"","meta":{"_acf_changed":false},"product_brand":[],"product_cat":[28,21,33],"product_tag":[],"class_list":{"0":"post-1995","1":"product","2":"type-product","3":"status-publish","4":"has-post-thumbnail","6":"product_cat-marokko","7":"product_cat-rot","8":"product_cat-wein","10":"first","11":"instock","12":"taxable","13":"shipping-taxable","14":"purchasable","15":"product-type-simple"},"acf":[],"_links":{"self":[{"href":"https:\/\/marokkanische-weine.de\/en\/wp-json\/wp\/v2\/product\/1995","targetHints":{"allow":["GET"]}}],"collection":[{"href":"https:\/\/marokkanische-weine.de\/en\/wp-json\/wp\/v2\/product"}],"about":[{"href":"https:\/\/marokkanische-weine.de\/en\/wp-json\/wp\/v2\/types\/product"}],"wp:featuredmedia":[{"embeddable":true,"href":"https:\/\/marokkanische-weine.de\/en\/wp-json\/wp\/v2\/media\/1996"}],"wp:attachment":[{"href":"https:\/\/marokkanische-weine.de\/en\/wp-json\/wp\/v2\/media?parent=1995"}],"wp:term":[{"taxonomy":"product_brand","embeddable":true,"href":"https:\/\/marokkanische-weine.de\/en\/wp-json\/wp\/v2\/product_brand?post=1995"},{"taxonomy":"product_cat","embeddable":true,"href":"https:\/\/marokkanische-weine.de\/en\/wp-json\/wp\/v2\/product_cat?post=1995"},{"taxonomy":"product_tag","embeddable":true,"href":"https:\/\/marokkanische-weine.de\/en\/wp-json\/wp\/v2\/product_tag?post=1995"}],"curies":[{"name":"wp","href":"https:\/\/api.w.org\/{rel}","templated":true}]}}