{"id":1676,"date":"2025-05-07T10:20:05","date_gmt":"2025-05-07T10:20:05","guid":{"rendered":"https:\/\/marokkanische-weine.de\/?post_type=product&#038;p=1676"},"modified":"2026-02-23T20:56:07","modified_gmt":"2026-02-23T20:56:07","slug":"ksar-meknes-rosewein-marokko","status":"publish","type":"product","link":"https:\/\/marokkanische-weine.de\/en\/product\/ksar-meknes-rosewein-marokko\/","title":{"rendered":"Ksar Meknes | Ros\u00e9wein | &#8211; | Marokko"},"content":{"rendered":"","protected":false},"excerpt":{"rendered":"<h3>Ksar Meknes Ros\u00e9wein<\/h3>\n<p><strong>Beschreibung<\/strong><br \/>\nDer Anti-Mainstream-Ros\u00e9 f\u00fcr alle, die zu cool f\u00fcr Provence-Klischees sind. Trocken, mineralisch, mit dezenter Erdbeerfrucht und einer erfrischenden Salzigkeit, die an ein retro Polaroid von einem urbanen Strand erinnert. Passt zu modernem Streetfood und experimenteller Elektronik.<\/p>\n<table>\n<tbody>\n<tr>\n<td><strong>Herkunft<\/strong><\/td>\n<td>Morocco<\/td>\n<\/tr>\n<tr>\n<td><strong>Jahrgang<\/strong><\/td>\n<td>Nicht angegeben<\/td>\n<\/tr>\n<tr>\n<td><strong>Alkoholgehalt<\/strong><\/td>\n<td>12.5 % Vol.<\/td>\n<\/tr>\n<tr>\n<td><strong>Flascheninhalt<\/strong><\/td>\n<td>75 cl<\/td>\n<\/tr>\n<\/tbody>\n<\/table>\n<p>&nbsp;<\/p>","protected":false},"featured_media":1675,"template":"","meta":{"_acf_changed":false},"product_brand":[],"product_cat":[36,28,22,33],"product_tag":[],"class_list":{"0":"post-1676","1":"product","2":"type-product","3":"status-publish","4":"has-post-thumbnail","6":"product_cat-volumen_ml_750","7":"product_cat-marokko","8":"product_cat-rose","9":"product_cat-wein","11":"first","12":"outofstock","13":"taxable","14":"shipping-taxable","15":"purchasable","16":"product-type-simple"},"acf":[],"_links":{"self":[{"href":"https:\/\/marokkanische-weine.de\/en\/wp-json\/wp\/v2\/product\/1676","targetHints":{"allow":["GET"]}}],"collection":[{"href":"https:\/\/marokkanische-weine.de\/en\/wp-json\/wp\/v2\/product"}],"about":[{"href":"https:\/\/marokkanische-weine.de\/en\/wp-json\/wp\/v2\/types\/product"}],"wp:featuredmedia":[{"embeddable":true,"href":"https:\/\/marokkanische-weine.de\/en\/wp-json\/wp\/v2\/media\/1675"}],"wp:attachment":[{"href":"https:\/\/marokkanische-weine.de\/en\/wp-json\/wp\/v2\/media?parent=1676"}],"wp:term":[{"taxonomy":"product_brand","embeddable":true,"href":"https:\/\/marokkanische-weine.de\/en\/wp-json\/wp\/v2\/product_brand?post=1676"},{"taxonomy":"product_cat","embeddable":true,"href":"https:\/\/marokkanische-weine.de\/en\/wp-json\/wp\/v2\/product_cat?post=1676"},{"taxonomy":"product_tag","embeddable":true,"href":"https:\/\/marokkanische-weine.de\/en\/wp-json\/wp\/v2\/product_tag?post=1676"}],"curies":[{"name":"wp","href":"https:\/\/api.w.org\/{rel}","templated":true}]}}