{"id":1664,"date":"2025-05-07T10:20:05","date_gmt":"2025-05-07T10:20:05","guid":{"rendered":"https:\/\/marokkanische-weine.de\/?post_type=product&#038;p=1664"},"modified":"2025-12-15T08:33:02","modified_gmt":"2025-12-15T08:33:02","slug":"les-monts-dirhane-rotwein-algerien","status":"publish","type":"product","link":"https:\/\/marokkanische-weine.de\/en\/product\/les-monts-dirhane-rotwein-algerien\/","title":{"rendered":"Les Monts d&#8217;Irhane | Rotwein | &#8211; | Algerien"},"content":{"rendered":"","protected":false},"excerpt":{"rendered":"<h3>Les Monts d&#x27;Irhane Rotwein<\/h3>\n<p><strong>Beschreibung<\/strong><br \/>Mysteri\u00f6s wie eine unentdeckte Indie-Band aus den fr\u00fchen 2000ern. Kraftvoll, mit rauchigen Noten und einer Beerenfrucht, die sich erst beim zweiten Glas vollst\u00e4ndig offenbart. Der perfekte Wein f\u00fcr analoge Filmabende und Diskussionen \u00fcber Gentrifizierung.<\/p>\n<table>\n<tr>\n<td><strong>Herkunft<\/strong><\/td>\n<td>Algeria<\/td>\n<\/tr>\n<tr>\n<td><strong>Jahrgang<\/strong><\/td>\n<td>Nicht angegeben<\/td>\n<\/tr>\n<tr>\n<td><strong>Alkoholgehalt<\/strong><\/td>\n<td>13 % Vol.<\/td>\n<\/tr>\n<tr>\n<td><strong>Flascheninhalt<\/strong><\/td>\n<td>75 cl<\/td>\n<\/tr>\n<\/table>\n<p><\/p>","protected":false},"featured_media":1663,"template":"","meta":{"_acf_changed":false},"product_brand":[],"product_cat":[36,29,21,33],"product_tag":[],"class_list":{"0":"post-1664","1":"product","2":"type-product","3":"status-publish","4":"has-post-thumbnail","6":"product_cat-volumen_ml_750","7":"product_cat-algerien","8":"product_cat-rot","9":"product_cat-wein","11":"first","12":"instock","13":"taxable","14":"shipping-taxable","15":"purchasable","16":"product-type-simple"},"acf":[],"_links":{"self":[{"href":"https:\/\/marokkanische-weine.de\/en\/wp-json\/wp\/v2\/product\/1664","targetHints":{"allow":["GET"]}}],"collection":[{"href":"https:\/\/marokkanische-weine.de\/en\/wp-json\/wp\/v2\/product"}],"about":[{"href":"https:\/\/marokkanische-weine.de\/en\/wp-json\/wp\/v2\/types\/product"}],"wp:featuredmedia":[{"embeddable":true,"href":"https:\/\/marokkanische-weine.de\/en\/wp-json\/wp\/v2\/media\/1663"}],"wp:attachment":[{"href":"https:\/\/marokkanische-weine.de\/en\/wp-json\/wp\/v2\/media?parent=1664"}],"wp:term":[{"taxonomy":"product_brand","embeddable":true,"href":"https:\/\/marokkanische-weine.de\/en\/wp-json\/wp\/v2\/product_brand?post=1664"},{"taxonomy":"product_cat","embeddable":true,"href":"https:\/\/marokkanische-weine.de\/en\/wp-json\/wp\/v2\/product_cat?post=1664"},{"taxonomy":"product_tag","embeddable":true,"href":"https:\/\/marokkanische-weine.de\/en\/wp-json\/wp\/v2\/product_tag?post=1664"}],"curies":[{"name":"wp","href":"https:\/\/api.w.org\/{rel}","templated":true}]}}