{"id":1656,"date":"2025-05-07T10:20:05","date_gmt":"2025-05-07T10:20:05","guid":{"rendered":"https:\/\/marokkanische-weine.de\/?post_type=product&#038;p=1656"},"modified":"2025-12-17T08:42:45","modified_gmt":"2025-12-17T08:42:45","slug":"royal-mascara-rotwein-algerien","status":"publish","type":"product","link":"https:\/\/marokkanische-weine.de\/en\/product\/royal-mascara-rotwein-algerien\/","title":{"rendered":"Royal | Mascara Rotwein | &#8211; | Algerien"},"content":{"rendered":"","protected":false},"excerpt":{"rendered":"<h3>Royal Mascara Rotwein 14\u00b0<\/h3>\n<p><strong>Beschreibung<\/strong><br \/>Ein wuchtiger Charakter mit mediterranem Temperament. Dunkle Frucht, w\u00fcrzige Noten und eine angenehme W\u00e4rme, die selbst den k\u00fchlsten Loft gem\u00fctlich macht. Der ideale Soundtrack f\u00fcr N\u00e4chte mit tiefgr\u00fcndigen Gespr\u00e4chen und selbstgedrehten Zigaretten.<\/p>\n<table>\n<tr>\n<td><strong>Herkunft<\/strong><\/td>\n<td>Algeria<\/td>\n<\/tr>\n<tr>\n<td><strong>Jahrgang<\/strong><\/td>\n<td>Nicht angegeben<\/td>\n<\/tr>\n<tr>\n<td><strong>Alkoholgehalt<\/strong><\/td>\n<td>14 % Vol.<\/td>\n<\/tr>\n<tr>\n<td><strong>Flascheninhalt<\/strong><\/td>\n<td>75 cl<\/td>\n<\/tr>\n<\/table>\n<p><\/p>","protected":false},"featured_media":1655,"template":"","meta":{"_acf_changed":false},"product_brand":[],"product_cat":[36,29,21,33],"product_tag":[],"class_list":{"0":"post-1656","1":"product","2":"type-product","3":"status-publish","4":"has-post-thumbnail","6":"product_cat-volumen_ml_750","7":"product_cat-algerien","8":"product_cat-rot","9":"product_cat-wein","11":"first","12":"instock","13":"taxable","14":"shipping-taxable","15":"purchasable","16":"product-type-simple"},"acf":[],"_links":{"self":[{"href":"https:\/\/marokkanische-weine.de\/en\/wp-json\/wp\/v2\/product\/1656","targetHints":{"allow":["GET"]}}],"collection":[{"href":"https:\/\/marokkanische-weine.de\/en\/wp-json\/wp\/v2\/product"}],"about":[{"href":"https:\/\/marokkanische-weine.de\/en\/wp-json\/wp\/v2\/types\/product"}],"wp:featuredmedia":[{"embeddable":true,"href":"https:\/\/marokkanische-weine.de\/en\/wp-json\/wp\/v2\/media\/1655"}],"wp:attachment":[{"href":"https:\/\/marokkanische-weine.de\/en\/wp-json\/wp\/v2\/media?parent=1656"}],"wp:term":[{"taxonomy":"product_brand","embeddable":true,"href":"https:\/\/marokkanische-weine.de\/en\/wp-json\/wp\/v2\/product_brand?post=1656"},{"taxonomy":"product_cat","embeddable":true,"href":"https:\/\/marokkanische-weine.de\/en\/wp-json\/wp\/v2\/product_cat?post=1656"},{"taxonomy":"product_tag","embeddable":true,"href":"https:\/\/marokkanische-weine.de\/en\/wp-json\/wp\/v2\/product_tag?post=1656"}],"curies":[{"name":"wp","href":"https:\/\/api.w.org\/{rel}","templated":true}]}}