{"id":1654,"date":"2025-05-07T10:20:05","date_gmt":"2025-05-07T10:20:05","guid":{"rendered":"https:\/\/marokkanische-weine.de\/?post_type=product&#038;p=1654"},"modified":"2025-12-16T01:24:30","modified_gmt":"2025-12-16T01:24:30","slug":"abou-nawas-guerrouane-gris-2023-marokko","status":"publish","type":"product","link":"https:\/\/marokkanische-weine.de\/en\/product\/abou-nawas-guerrouane-gris-2023-marokko\/","title":{"rendered":"Abou Nawas | Guerrouane Gris | 2023 | Marokko"},"content":{"rendered":"","protected":false},"excerpt":{"rendered":"<h3>Guerrouane Abou Nawas Grauwein<\/h3>\n<p><strong>Beschreibung<\/strong><br \/>Der Underdog unter den Weinstilen, handgemacht und authentisch. Mit seiner markanten S\u00e4ure und subtilen Birnennoten ist er der perfekte Wein f\u00fcr Menschen, die lieber Vinylplatten als Spotify h\u00f6ren und kleine Manufakturen statt Fast Fashion unterst\u00fctzen.<\/p>\n<table>\n<tr>\n<td><strong>Herkunft<\/strong><\/td>\n<td>Morocco<\/td>\n<\/tr>\n<tr>\n<td><strong>Jahrgang<\/strong><\/td>\n<td>2023<\/td>\n<\/tr>\n<tr>\n<td><strong>Alkoholgehalt<\/strong><\/td>\n<td>12 % Vol.<\/td>\n<\/tr>\n<tr>\n<td><strong>Flascheninhalt<\/strong><\/td>\n<td>75 cl<\/td>\n<\/tr>\n<\/table>\n<p><\/p>","protected":false},"featured_media":1653,"template":"","meta":{"_acf_changed":false},"product_brand":[],"product_cat":[36,27,28,33],"product_tag":[],"class_list":{"0":"post-1654","1":"product","2":"type-product","3":"status-publish","4":"has-post-thumbnail","6":"product_cat-volumen_ml_750","7":"product_cat-gris","8":"product_cat-marokko","9":"product_cat-wein","11":"first","12":"instock","13":"taxable","14":"shipping-taxable","15":"purchasable","16":"product-type-simple"},"acf":[],"_links":{"self":[{"href":"https:\/\/marokkanische-weine.de\/en\/wp-json\/wp\/v2\/product\/1654","targetHints":{"allow":["GET"]}}],"collection":[{"href":"https:\/\/marokkanische-weine.de\/en\/wp-json\/wp\/v2\/product"}],"about":[{"href":"https:\/\/marokkanische-weine.de\/en\/wp-json\/wp\/v2\/types\/product"}],"wp:featuredmedia":[{"embeddable":true,"href":"https:\/\/marokkanische-weine.de\/en\/wp-json\/wp\/v2\/media\/1653"}],"wp:attachment":[{"href":"https:\/\/marokkanische-weine.de\/en\/wp-json\/wp\/v2\/media?parent=1654"}],"wp:term":[{"taxonomy":"product_brand","embeddable":true,"href":"https:\/\/marokkanische-weine.de\/en\/wp-json\/wp\/v2\/product_brand?post=1654"},{"taxonomy":"product_cat","embeddable":true,"href":"https:\/\/marokkanische-weine.de\/en\/wp-json\/wp\/v2\/product_cat?post=1654"},{"taxonomy":"product_tag","embeddable":true,"href":"https:\/\/marokkanische-weine.de\/en\/wp-json\/wp\/v2\/product_tag?post=1654"}],"curies":[{"name":"wp","href":"https:\/\/api.w.org\/{rel}","templated":true}]}}