{"id":1650,"date":"2025-05-07T10:20:05","date_gmt":"2025-05-07T10:20:05","guid":{"rendered":"https:\/\/marokkanische-weine.de\/?post_type=product&#038;p=1650"},"modified":"2025-08-28T15:28:22","modified_gmt":"2025-08-28T15:28:22","slug":"volubilia-guerrouane-rotwein-2021-marokko","status":"publish","type":"product","link":"https:\/\/marokkanische-weine.de\/en\/product\/volubilia-guerrouane-rotwein-2021-marokko\/","title":{"rendered":"Volubilia | Guerrouane Rotwein | 2021 | Marokko"},"content":{"rendered":"","protected":false},"excerpt":{"rendered":"<h3>Guerrouane Volubilia Rotwein<\/h3>\n<p><strong>Beschreibung<\/strong><br \/>\nEin komplexer Charakter mit Tiefgang: Samtig, mit wohldosierter Kraft und \u00fcberraschenden Aromen von Waldbeeren und w\u00fcrzigem Tabak. Der ideale Begleiter f\u00fcr Gespr\u00e4che \u00fcber existenzielle Fragen und minimalistische Tattoos.<\/p>\n<table>\n<tbody>\n<tr>\n<td><strong>Herkunft<\/strong><\/td>\n<td>Morocco<\/td>\n<\/tr>\n<tr>\n<td><strong>Jahrgang<\/strong><\/td>\n<td>2021<\/td>\n<\/tr>\n<tr>\n<td><strong>Alkoholgehalt<\/strong><\/td>\n<td>13.5 % Vol.<\/td>\n<\/tr>\n<tr>\n<td><strong>Flascheninhalt<\/strong><\/td>\n<td>75 cl<\/td>\n<\/tr>\n<\/tbody>\n<\/table>\n<p>&nbsp;<\/p>","protected":false},"featured_media":1649,"template":"","meta":{"_acf_changed":false},"product_brand":[],"product_cat":[36,28,21,33],"product_tag":[],"class_list":{"0":"post-1650","1":"product","2":"type-product","3":"status-publish","4":"has-post-thumbnail","6":"product_cat-volumen_ml_750","7":"product_cat-marokko","8":"product_cat-rot","9":"product_cat-wein","11":"first","12":"instock","13":"taxable","14":"shipping-taxable","15":"purchasable","16":"product-type-simple"},"acf":[],"_links":{"self":[{"href":"https:\/\/marokkanische-weine.de\/en\/wp-json\/wp\/v2\/product\/1650","targetHints":{"allow":["GET"]}}],"collection":[{"href":"https:\/\/marokkanische-weine.de\/en\/wp-json\/wp\/v2\/product"}],"about":[{"href":"https:\/\/marokkanische-weine.de\/en\/wp-json\/wp\/v2\/types\/product"}],"wp:featuredmedia":[{"embeddable":true,"href":"https:\/\/marokkanische-weine.de\/en\/wp-json\/wp\/v2\/media\/1649"}],"wp:attachment":[{"href":"https:\/\/marokkanische-weine.de\/en\/wp-json\/wp\/v2\/media?parent=1650"}],"wp:term":[{"taxonomy":"product_brand","embeddable":true,"href":"https:\/\/marokkanische-weine.de\/en\/wp-json\/wp\/v2\/product_brand?post=1650"},{"taxonomy":"product_cat","embeddable":true,"href":"https:\/\/marokkanische-weine.de\/en\/wp-json\/wp\/v2\/product_cat?post=1650"},{"taxonomy":"product_tag","embeddable":true,"href":"https:\/\/marokkanische-weine.de\/en\/wp-json\/wp\/v2\/product_tag?post=1650"}],"curies":[{"name":"wp","href":"https:\/\/api.w.org\/{rel}","templated":true}]}}