{"id":1646,"date":"2025-05-07T10:20:05","date_gmt":"2025-05-07T10:20:05","guid":{"rendered":"https:\/\/marokkanische-weine.de\/?post_type=product&#038;p=1646"},"modified":"2026-02-05T12:04:33","modified_gmt":"2026-02-05T12:04:33","slug":"zouina-guerrouane-rotwein-2020-marokko","status":"publish","type":"product","link":"https:\/\/marokkanische-weine.de\/en\/product\/zouina-guerrouane-rotwein-2020-marokko\/","title":{"rendered":"Zouina | Guerrouane Rotwein | 2020 | Marokko"},"content":{"rendered":"","protected":false},"excerpt":{"rendered":"<h3>Zouina Guerrouane Rotwein<\/h3>\n<p><strong>Beschreibung<\/strong><br \/>Nordafrikanische W\u00e4rme im Glas. Trocken, expressiv, mit Noten von dunklen Beeren und mediterranen Kr\u00e4utern. Der perfekte Begleiter f\u00fcr spontane Dachterrassenabende und Gespr\u00e4che, die bis zum Sonnenaufgang dauern.<\/p>\n<table>\n<tr>\n<td><strong>Herkunft<\/strong><\/td>\n<td>Morocco<\/td>\n<\/tr>\n<tr>\n<td><strong>Jahrgang<\/strong><\/td>\n<td>2020<\/td>\n<\/tr>\n<tr>\n<td><strong>Alkoholgehalt<\/strong><\/td>\n<td>12.5 % Vol.<\/td>\n<\/tr>\n<tr>\n<td><strong>Flascheninhalt<\/strong><\/td>\n<td>75 cl<\/td>\n<\/tr>\n<\/table>\n<p><\/p>","protected":false},"featured_media":1645,"template":"","meta":{"_acf_changed":false},"product_brand":[],"product_cat":[36,28,21,33],"product_tag":[],"class_list":{"0":"post-1646","1":"product","2":"type-product","3":"status-publish","4":"has-post-thumbnail","6":"product_cat-volumen_ml_750","7":"product_cat-marokko","8":"product_cat-rot","9":"product_cat-wein","11":"first","12":"instock","13":"taxable","14":"shipping-taxable","15":"purchasable","16":"product-type-simple"},"acf":[],"_links":{"self":[{"href":"https:\/\/marokkanische-weine.de\/en\/wp-json\/wp\/v2\/product\/1646","targetHints":{"allow":["GET"]}}],"collection":[{"href":"https:\/\/marokkanische-weine.de\/en\/wp-json\/wp\/v2\/product"}],"about":[{"href":"https:\/\/marokkanische-weine.de\/en\/wp-json\/wp\/v2\/types\/product"}],"wp:featuredmedia":[{"embeddable":true,"href":"https:\/\/marokkanische-weine.de\/en\/wp-json\/wp\/v2\/media\/1645"}],"wp:attachment":[{"href":"https:\/\/marokkanische-weine.de\/en\/wp-json\/wp\/v2\/media?parent=1646"}],"wp:term":[{"taxonomy":"product_brand","embeddable":true,"href":"https:\/\/marokkanische-weine.de\/en\/wp-json\/wp\/v2\/product_brand?post=1646"},{"taxonomy":"product_cat","embeddable":true,"href":"https:\/\/marokkanische-weine.de\/en\/wp-json\/wp\/v2\/product_cat?post=1646"},{"taxonomy":"product_tag","embeddable":true,"href":"https:\/\/marokkanische-weine.de\/en\/wp-json\/wp\/v2\/product_tag?post=1646"}],"curies":[{"name":"wp","href":"https:\/\/api.w.org\/{rel}","templated":true}]}}