{"id":1642,"date":"2025-05-07T10:20:06","date_gmt":"2025-05-07T10:20:06","guid":{"rendered":"https:\/\/marokkanische-weine.de\/?post_type=product&#038;p=1642"},"modified":"2025-05-07T10:20:06","modified_gmt":"2025-05-07T10:20:06","slug":"mosaik-likoer-dattel-frankreich","status":"publish","type":"product","link":"https:\/\/marokkanische-weine.de\/en\/product\/mosaik-likoer-dattel-frankreich\/","title":{"rendered":"Mosa\u00efk | Lik\u00f6r Dattel | &#8211; | Frankreich"},"content":{"rendered":"","protected":false},"excerpt":{"rendered":"<h3>Lik\u00f6r Dattel Mosa\u00efk 25\u00b0<\/h3>\n<p><strong>Beschreibung<\/strong><br \/>Dattellik\u00f6r, der wie fl\u00fcssiges Sonnenlicht schmeckt. S\u00fc\u00df, aber mit Stil \u2013 perfekt als Solist im Digestifglas oder als Statement im Dessert. Der Soundtrack f\u00fcr Sp\u00e4tsommerabende auf dem Balkon, wenn die Sonne zwischen den Hochh\u00e4usern verschwindet.<\/p>\n<table>\n<tr>\n<td><strong>Herkunft<\/strong><\/td>\n<td>Frankreich<\/td>\n<\/tr>\n<tr>\n<td><strong>Jahrgang<\/strong><\/td>\n<td>Nicht angegeben<\/td>\n<\/tr>\n<tr>\n<td><strong>Alkoholgehalt<\/strong><\/td>\n<td>25 % Vol.<\/td>\n<\/tr>\n<tr>\n<td><strong>Flascheninhalt<\/strong><\/td>\n<td>70 cl<\/td>\n<\/tr>\n<\/table>\n<p><\/p>","protected":false},"featured_media":1641,"template":"","meta":{"_acf_changed":false},"product_brand":[],"product_cat":[36,44,40],"product_tag":[],"class_list":{"0":"post-1642","1":"product","2":"type-product","3":"status-publish","4":"has-post-thumbnail","6":"product_cat-volumen_ml_750","7":"product_cat-frankreich","8":"product_cat-likoer","10":"first","11":"instock","12":"taxable","13":"shipping-taxable","14":"purchasable","15":"product-type-simple"},"acf":[],"_links":{"self":[{"href":"https:\/\/marokkanische-weine.de\/en\/wp-json\/wp\/v2\/product\/1642","targetHints":{"allow":["GET"]}}],"collection":[{"href":"https:\/\/marokkanische-weine.de\/en\/wp-json\/wp\/v2\/product"}],"about":[{"href":"https:\/\/marokkanische-weine.de\/en\/wp-json\/wp\/v2\/types\/product"}],"wp:featuredmedia":[{"embeddable":true,"href":"https:\/\/marokkanische-weine.de\/en\/wp-json\/wp\/v2\/media\/1641"}],"wp:attachment":[{"href":"https:\/\/marokkanische-weine.de\/en\/wp-json\/wp\/v2\/media?parent=1642"}],"wp:term":[{"taxonomy":"product_brand","embeddable":true,"href":"https:\/\/marokkanische-weine.de\/en\/wp-json\/wp\/v2\/product_brand?post=1642"},{"taxonomy":"product_cat","embeddable":true,"href":"https:\/\/marokkanische-weine.de\/en\/wp-json\/wp\/v2\/product_cat?post=1642"},{"taxonomy":"product_tag","embeddable":true,"href":"https:\/\/marokkanische-weine.de\/en\/wp-json\/wp\/v2\/product_tag?post=1642"}],"curies":[{"name":"wp","href":"https:\/\/api.w.org\/{rel}","templated":true}]}}