{"id":1128,"date":"2024-10-28T13:26:54","date_gmt":"2024-10-28T13:26:54","guid":{"rendered":"https:\/\/marokkanische-weine.de\/product\/domaine-toulal-guerrouane-rose-vin-du-maroc-2022-075-rose\/"},"modified":"2026-02-06T15:26:54","modified_gmt":"2026-02-06T15:26:54","slug":"domaine-toulal-guerrouane-rose-vin-du-maroc-2022-075-rose","status":"publish","type":"product","link":"https:\/\/marokkanische-weine.de\/en\/product\/domaine-toulal-guerrouane-rose-vin-du-maroc-2022-075-rose\/","title":{"rendered":"DOMAINE TOULAL GUERROUANE &#8211; ROS\u00c9 VIN DU MAROC 2024 Ros\u00e9 | 12,5%"},"content":{"rendered":"<p data-start=\"327\" data-end=\"595\">Der <strong data-start=\"331\" data-end=\"363\">Guerrouane Vin du Maroc Ros\u00e9<\/strong> vom <strong data-start=\"368\" data-end=\"386\">Domaine Toulal<\/strong> ist ein frischer und fruchtiger Ros\u00e9wein aus der renommierten Weinregion <strong data-start=\"460\" data-end=\"474\">Guerrouane<\/strong> in Marokko. Die sonnigen Weinberge und k\u00fchlen N\u00e4chte sorgen f\u00fcr eine perfekte Balance zwischen Frische und Fruchtaromen.<\/p>\n<p data-start=\"597\" data-end=\"886\">Im Glas zeigt sich der Ros\u00e9 in einem hellen, lachsrosa Farbton. In der Nase entfalten sich Aromen von Erdbeeren, Himbeeren und roten Johannisbeeren mit floralen Nuancen. Am Gaumen ist der Wein frisch, lebendig und harmonisch mit angenehmer S\u00e4ure und einem fruchtigen, erfrischenden Abgang.<\/p>\n<p data-start=\"888\" data-end=\"1027\">Dieser Ros\u00e9 eignet sich ideal als Aperitif sowie zu Salaten, Fisch, Meeresfr\u00fcchten, leichter mediterraner K\u00fcche und sommerlichen Gerichten.<\/p>","protected":false},"excerpt":{"rendered":"<p>Frischer marokkanischer Ros\u00e9wein aus der Region Guerrouane mit Aromen von Erdbeeren und roten Beeren. Leicht, fruchtig und ideal als Aperitif oder zu Fisch und Salaten. 0,75 l.<br \/>\nBlassrosa Farbe, sch\u00f6ner Glanz, Duft nach kleinen w\u00fcrzigen roten Fr\u00fcchten. Am Gaumen frisch und elegant mit sch\u00f6ner aromatischer Definition. Ein Wein von bemerkenswerter Ausgewogenheit, weinigem und intensivem Fruchtfleisch, einfach k\u00f6stlich. Ein wundersch\u00f6nes Bild von Ros\u00e9.<\/p>","protected":false},"featured_media":1243,"template":"","meta":{"_acf_changed":false},"product_brand":[],"product_cat":[36,28,22,33],"product_tag":[],"class_list":{"0":"post-1128","1":"product","2":"type-product","3":"status-publish","4":"has-post-thumbnail","6":"product_cat-volumen_ml_750","7":"product_cat-marokko","8":"product_cat-rose","9":"product_cat-wein","11":"first","12":"instock","13":"taxable","14":"shipping-taxable","15":"purchasable","16":"product-type-simple"},"acf":[],"_links":{"self":[{"href":"https:\/\/marokkanische-weine.de\/en\/wp-json\/wp\/v2\/product\/1128","targetHints":{"allow":["GET"]}}],"collection":[{"href":"https:\/\/marokkanische-weine.de\/en\/wp-json\/wp\/v2\/product"}],"about":[{"href":"https:\/\/marokkanische-weine.de\/en\/wp-json\/wp\/v2\/types\/product"}],"wp:featuredmedia":[{"embeddable":true,"href":"https:\/\/marokkanische-weine.de\/en\/wp-json\/wp\/v2\/media\/1243"}],"wp:attachment":[{"href":"https:\/\/marokkanische-weine.de\/en\/wp-json\/wp\/v2\/media?parent=1128"}],"wp:term":[{"taxonomy":"product_brand","embeddable":true,"href":"https:\/\/marokkanische-weine.de\/en\/wp-json\/wp\/v2\/product_brand?post=1128"},{"taxonomy":"product_cat","embeddable":true,"href":"https:\/\/marokkanische-weine.de\/en\/wp-json\/wp\/v2\/product_cat?post=1128"},{"taxonomy":"product_tag","embeddable":true,"href":"https:\/\/marokkanische-weine.de\/en\/wp-json\/wp\/v2\/product_tag?post=1128"}],"curies":[{"name":"wp","href":"https:\/\/api.w.org\/{rel}","templated":true}]}}