{"id":1123,"date":"2024-10-28T13:26:53","date_gmt":"2024-10-28T13:26:53","guid":{"rendered":"https:\/\/marokkanische-weine.de\/product\/les-3-domaines-cinsault-gris-rose-de-guerrouane-vin-du-maroc-2022-075-rose\/"},"modified":"2026-02-17T16:19:59","modified_gmt":"2026-02-17T16:19:59","slug":"les-3-domaines-cinsault-gris-rose-de-guerrouane-vin-du-maroc-2022-075-rose","status":"publish","type":"product","link":"https:\/\/marokkanische-weine.de\/en\/product\/les-3-domaines-cinsault-gris-rose-de-guerrouane-vin-du-maroc-2022-075-rose\/","title":{"rendered":"LES 3 DOMAINES &#8211; Cinsault Gris ROSE DE GUERROUANE VIN DU MAROC 2024 Ros\u00e9"},"content":{"rendered":"<p data-start=\"327\" data-end=\"683\">Der <strong data-start=\"331\" data-end=\"358\">Les 3 Domaines Cinsault<\/strong> ist ein leichter und fruchtiger marokkanischer Rotwein aus der Rebsorte <strong data-start=\"431\" data-end=\"443\">Cinsault<\/strong>, der vom bekannten Produzenten <strong data-start=\"475\" data-end=\"518\">Les Celliers de Mekn\u00e8s (Les 3 Domaines)<\/strong> stammt. Die Weinberge liegen in der Region Guerrouane und profitieren von viel Sonne und k\u00fchlen N\u00e4chten, was dem Wein Frische und aromatische Fruchtigkeit verleiht.<\/p>\n<p data-start=\"685\" data-end=\"958\">Im Glas zeigt sich der Wein in einem hellen Rubinrot. In der Nase entfalten sich frische Aromen von roten Beeren, Erdbeeren und Kirschen mit floralen Noten. Am Gaumen ist der Cinsault weich, leicht und elegant mit moderaten Tanninen und einem fruchtigen, angenehmen Abgang.<\/p>\n<p data-start=\"960\" data-end=\"1191\">Dieser Wein ist ideal als leichter Rotwein f\u00fcr jeden Tag und passt hervorragend zu mediterranen Gerichten, Pasta, Pizza, gegrilltem Fleisch, orientalischer K\u00fcche und mildem K\u00e4se. Auch leicht gek\u00fchlt ist er sehr angenehm zu trinken.<\/p>","protected":false},"excerpt":{"rendered":"<p>Dieser Cinsault Gris Ros\u00e9 aus dem Weinanbaugebiet Guerrouane entf\u00fchrt Sie in die fruchtbare H\u00fcgellandschaft des Atlasgebirges. Das Terroir von Guerrouane, gepr\u00e4gt von mineralischen B\u00f6den und dem einzigartigen marokkanischen Klima, verleiht diesem Ros\u00e9 seine lebendige Frische und besondere Komplexit\u00e4t.<\/p>\n<p>Der Ros\u00e9 duftet nach feinen Noten von Zitrus und roten Fr\u00fcchten, begleitet von einer leichten mineralischen W\u00fcrze, die dem Wein Tiefe verleiht. Ein eleganter Begleiter zu Meeresfr\u00fcchten, Salaten oder einfach als Aperitif.<\/p>\n<p><strong>Details:<\/strong><\/p>\n<ul>\n<li><strong>Herkunft<\/strong>: Marokko, Guerrouane<\/li>\n<li><strong>Rebsorte<\/strong>: Cinsault Gris<\/li>\n<li><strong>Jahrgang<\/strong>: 2024<\/li>\n<li><strong>Alkoholgehalt<\/strong>: ca. 12%<\/li>\n<li><strong>Serviertemperatur<\/strong>: 8-10\u00b0C<\/li>\n<\/ul>","protected":false},"featured_media":1259,"template":"","meta":{"_acf_changed":false},"product_brand":[],"product_cat":[36,27,28,22,33],"product_tag":[],"class_list":{"0":"post-1123","1":"product","2":"type-product","3":"status-publish","4":"has-post-thumbnail","6":"product_cat-volumen_ml_750","7":"product_cat-gris","8":"product_cat-marokko","9":"product_cat-rose","10":"product_cat-wein","12":"first","13":"instock","14":"taxable","15":"shipping-taxable","16":"purchasable","17":"product-type-simple"},"acf":[],"_links":{"self":[{"href":"https:\/\/marokkanische-weine.de\/en\/wp-json\/wp\/v2\/product\/1123","targetHints":{"allow":["GET"]}}],"collection":[{"href":"https:\/\/marokkanische-weine.de\/en\/wp-json\/wp\/v2\/product"}],"about":[{"href":"https:\/\/marokkanische-weine.de\/en\/wp-json\/wp\/v2\/types\/product"}],"wp:featuredmedia":[{"embeddable":true,"href":"https:\/\/marokkanische-weine.de\/en\/wp-json\/wp\/v2\/media\/1259"}],"wp:attachment":[{"href":"https:\/\/marokkanische-weine.de\/en\/wp-json\/wp\/v2\/media?parent=1123"}],"wp:term":[{"taxonomy":"product_brand","embeddable":true,"href":"https:\/\/marokkanische-weine.de\/en\/wp-json\/wp\/v2\/product_brand?post=1123"},{"taxonomy":"product_cat","embeddable":true,"href":"https:\/\/marokkanische-weine.de\/en\/wp-json\/wp\/v2\/product_cat?post=1123"},{"taxonomy":"product_tag","embeddable":true,"href":"https:\/\/marokkanische-weine.de\/en\/wp-json\/wp\/v2\/product_tag?post=1123"}],"curies":[{"name":"wp","href":"https:\/\/api.w.org\/{rel}","templated":true}]}}