{"id":1118,"date":"2024-10-28T13:26:53","date_gmt":"2024-10-28T13:26:53","guid":{"rendered":"https:\/\/marokkanische-weine.de\/product\/chaeteau-roslane-les-coteaux-datlas-1er-cru-vin-du-maroc-2020-075-rot\/"},"modified":"2026-02-06T23:16:52","modified_gmt":"2026-02-06T23:16:52","slug":"chaeteau-roslane-les-coteaux-datlas-1er-cru-vin-du-maroc-2020-075-rot","status":"publish","type":"product","link":"https:\/\/marokkanische-weine.de\/en\/product\/chaeteau-roslane-les-coteaux-datlas-1er-cru-vin-du-maroc-2020-075-rot\/","title":{"rendered":"CH\u00c4TEAU ROSLANE LES COTEAUX D&#8217;ATLAS 1ER CRU VIN DU MAROC 2022 Rot | 12,5%"},"content":{"rendered":"<p data-start=\"356\" data-end=\"662\">Der <strong data-start=\"360\" data-end=\"387\">Ch\u00e2teau Roslane 1er Cru<\/strong> ist ein hochwertiger Premium-Rotwein aus dem renommierten Weingut <strong data-start=\"454\" data-end=\"473\">Ch\u00e2teau Roslane<\/strong> in der marokkanischen Appellation <strong data-start=\"508\" data-end=\"530\">Coteaux de l\u2019Atlas<\/strong>. Als \u201ePremier Cru\u201c z\u00e4hlt er zu den Spitzenweinen des Landes und wird aus ausgew\u00e4hlten Rebsorten internationaler Qualit\u00e4t gekeltert.<\/p>\n<p data-start=\"664\" data-end=\"1010\">Im Glas zeigt sich dieser Wein in einem tiefen, dunklen Rubinrot. In der Nase entfalten sich komplexe Aromen von schwarzen Johannisbeeren, reifen Kirschen, Pflaumen sowie feinen Noten von Vanille, Gew\u00fcrzen und Eiche. Am Gaumen ist der Wein kraftvoll, elegant und vollmundig mit reifen Tanninen, harmonischer Struktur und langem, komplexem Abgang.<\/p>\n<p data-start=\"1012\" data-end=\"1203\">Der Ch\u00e2teau Roslane 1er Cru eignet sich hervorragend zu rotem Fleisch, Lamm, Wild, gegrillten Gerichten und gereiftem K\u00e4se. Ein idealer Wein f\u00fcr besondere Anl\u00e4sse und anspruchsvolle Genie\u00dfer.<\/p>","protected":false},"excerpt":{"rendered":"<p>Premium marokkanischer Rotwein (Premier Cru) mit komplexen Aromen von dunklen Fr\u00fcchten, Gew\u00fcrzen und Eiche. Kraftvoll, elegant und ideal zu Fleisch, Lamm und K\u00e4se. 0,75 l. | 12,5%<\/p>\n<p>Rotweincuv\u00e9e aus Marokkos einziger Appellation d\u2019Origine Contr\u00f4l\u00e9e, komponiert aus den Rebsorten Cabernet Sauvignon, Syrah und Merlot. Reife rote Frucht, intensive R\u00f6staromen sowie Noten von Tabak und Gew\u00fcrzen. Reifte \u00fcber 12 Monate in franz\u00f6sischer Eiche und mindestens ein Jahr in der Flasche.<\/p>\n<p>Das Aussehen des Etiketts\u00a0kann vom\u00a0gezeigten Foto abweichen. Bindend ist daher der in der Beschreibung\u00a0ausgewiesene Jahrgang, nicht die Abbildung.<\/p>","protected":false},"featured_media":1235,"template":"","meta":{"_acf_changed":false},"product_brand":[],"product_cat":[36,28,21,33],"product_tag":[],"class_list":{"0":"post-1118","1":"product","2":"type-product","3":"status-publish","4":"has-post-thumbnail","6":"product_cat-volumen_ml_750","7":"product_cat-marokko","8":"product_cat-rot","9":"product_cat-wein","11":"first","12":"instock","13":"taxable","14":"shipping-taxable","15":"purchasable","16":"product-type-simple"},"acf":[],"_links":{"self":[{"href":"https:\/\/marokkanische-weine.de\/en\/wp-json\/wp\/v2\/product\/1118","targetHints":{"allow":["GET"]}}],"collection":[{"href":"https:\/\/marokkanische-weine.de\/en\/wp-json\/wp\/v2\/product"}],"about":[{"href":"https:\/\/marokkanische-weine.de\/en\/wp-json\/wp\/v2\/types\/product"}],"wp:featuredmedia":[{"embeddable":true,"href":"https:\/\/marokkanische-weine.de\/en\/wp-json\/wp\/v2\/media\/1235"}],"wp:attachment":[{"href":"https:\/\/marokkanische-weine.de\/en\/wp-json\/wp\/v2\/media?parent=1118"}],"wp:term":[{"taxonomy":"product_brand","embeddable":true,"href":"https:\/\/marokkanische-weine.de\/en\/wp-json\/wp\/v2\/product_brand?post=1118"},{"taxonomy":"product_cat","embeddable":true,"href":"https:\/\/marokkanische-weine.de\/en\/wp-json\/wp\/v2\/product_cat?post=1118"},{"taxonomy":"product_tag","embeddable":true,"href":"https:\/\/marokkanische-weine.de\/en\/wp-json\/wp\/v2\/product_tag?post=1118"}],"curies":[{"name":"wp","href":"https:\/\/api.w.org\/{rel}","templated":true}]}}