{"id":2058,"date":"2026-05-11T14:37:22","date_gmt":"2026-05-11T14:37:22","guid":{"rendered":"https:\/\/marokkanische-weine.de\/?page_id=2058"},"modified":"2026-05-12T15:57:07","modified_gmt":"2026-05-12T15:57:07","slug":"golfreisen-marokko","status":"publish","type":"page","link":"https:\/\/marokkanische-weine.de\/en\/golfreisen-marokko\/","title":{"rendered":"Golfreisen Marokko"},"content":{"rendered":"<div class=\"wp-block-stackable-columns stk-block-columns stk-block stk-06eb5bf\" data-block-id=\"06eb5bf\"><div class=\"stk-row stk-inner-blocks stk-block-content stk-content-align stk-06eb5bf-column\">\n<div class=\"wp-block-stackable-column stk-block-column stk-column stk-block stk-b5b7314\" data-v=\"4\" data-block-id=\"b5b7314\"><div class=\"stk-column-wrapper stk-block-column__content stk-container stk-b5b7314-container stk--no-background stk--no-padding\"><div class=\"stk-block-content stk-inner-blocks stk-b5b7314-inner-blocks\">\n<div class=\"wp-block-stackable-heading stk-block-heading stk-block-heading--v2 stk-block stk-e3cdb78\" id=\"wo-genuss-auf-leidenschaft-trifft-golfreisen-in-marokko\" data-block-id=\"e3cdb78\"><h2 class=\"stk-block-heading__text\">Wo Genuss auf Leidenschaft trifft: Golfreisen in Marokko<\/h2><\/div>\n\n\n\n<p><\/p>\n\n\n\n<p><em>Sie sch\u00e4tzen die feinen Nuancen unserer marokkanischen Weine? Dann lassen Sie sich von der Eleganz und Sch\u00f6nheit der marokkanischen Golflandschaften verzaubern.<\/em><\/p>\n\n\n\n<div class=\"wp-block-stackable-heading stk-block-heading stk-block-heading--v2 stk-block stk-1d93463\" id=\"perfektes-spiel-ideales-klima\" data-block-id=\"1d93463\"><h3 class=\"stk-block-heading__text\">Perfektes Spiel, ideales Klima<\/h3><\/div>\n\n\n\n<p>Warum Marokko das ideale Ziel f\u00fcr eine Golfreise ist? Es ist die Kombination aus&nbsp;<strong>ganzj\u00e4hriger Spielbarkeit<\/strong>, einer erstklassigen Infrastruktur und Pl\u00e4tzen, die von Weltklasse-Architekten entworfen wurden.<\/p>\n\n\n\n<p>Ob direkt am Meer oder mit Blick auf das schneebedeckte Atlasgebirge \u2013 hier findet jeder Golfer sein pers\u00f6nliches Paradies unter der nordafrikanischen Sonne.<\/p>\n\n\n\n<div class=\"wp-block-stackable-heading stk-block-heading stk-block-heading--v2 stk-block stk-13d0b68\" id=\"kultur-amp-sport-vereint\" data-block-id=\"13d0b68\"><h3 class=\"stk-block-heading__text\">Kultur &amp; Sport vereint<\/h3><\/div>\n\n\n\n<p>Die Verbindung von sportlicher Herausforderung und der tief verwurzelten&nbsp;<strong>marokkanischen Gastfreundschaft<\/strong>&nbsp;macht jede Reise einzigartig.<\/p>\n\n\n\n<p>Erleben Sie exklusive Resorts, die den gleichen hohen Anspruch an Qualit\u00e4t und Tradition haben, den Sie bereits von unseren handverlesenen Weinen kennen. Nach dem Spiel erwartet Sie eine Kulinarik, die ihresgleichen sucht.<\/p>\n<\/div><\/div><\/div>\n\n\n\n<div class=\"wp-block-stackable-column stk-block-column stk-column stk-block stk-c96790a\" data-v=\"4\" data-block-id=\"c96790a\"><div class=\"stk-column-wrapper stk-block-column__content stk-container stk-c96790a-container stk--no-background stk--no-padding\"><div class=\"stk-block-content stk-inner-blocks stk-c96790a-inner-blocks\">\n<figure class=\"wp-block-image size-large\" style=\"margin-top:var(--wp--preset--spacing--30);margin-bottom:var(--wp--preset--spacing--30)\"><img decoding=\"async\" src=\"https:\/\/www.golfreisen-marokko.de\/typo3temp\/_processed_\/0\/2\/csm_almaaden-marrakech4_094aa5aa19.jpg\" alt=\"\"\/><\/figure>\n\n\n\n<figure class=\"wp-block-image size-large\"><img decoding=\"async\" src=\"https:\/\/www.golfreisen-marokko.de\/typo3temp\/_processed_\/a\/c\/csm_tn_img_1231-golfplatz-palmeraie-marrakech_1_8ae6c53c90.jpg\" alt=\"\"\/><\/figure>\n\n\n\n<figure class=\"wp-block-image size-large\" style=\"margin-top:var(--wp--preset--spacing--30);margin-bottom:var(--wp--preset--spacing--30)\"><img decoding=\"async\" src=\"https:\/\/www.golfreisen-marokko.de\/typo3temp\/_processed_\/2\/0\/csm_dsc_0402_7EE93V3A6BI0_59661616d7.jpg\" alt=\"\"\/><\/figure>\n<\/div><\/div><\/div>\n<\/div><\/div>\n\n\n\n<p class=\"has-text-align-center\">Entdecken Sie jetzt die exklusiven Reiseangebote unseres Partners&nbsp;<strong>golfreisen-marokko.de<\/strong>&nbsp;<br>und schlagen Sie auf den sch\u00f6nsten Pl\u00e4tzen des Orients ab.<br><br><\/p>\n\n\n\n<div class=\"wp-block-stackable-button-group stk-block-button-group stk-block stk-b44b6e1\" data-block-id=\"b44b6e1\"><div class=\"stk-row stk-inner-blocks has-text-align-center stk-block-content stk-button-group\">\n<div class=\"wp-block-stackable-button stk-block-button has-text-align-center stk-block stk-8311e7b\" data-block-id=\"8311e7b\"><style>.stk-8311e7b {align-items:center !important;display:flex !important;}<\/style><a class=\"stk-link stk-button stk--hover-effect-darken\" href=\"https:\/\/www.golfreisen-marokko.de\/\"><span class=\"stk-button__inner-text\">https:\/\/www.golfreisen-marokko.de\/<\/span><\/a><\/div>\n<\/div><\/div>","protected":false},"excerpt":{"rendered":"<p>Wo Genuss auf Leidenschaft trifft: Golfreisen in Marokko Sie sch\u00e4tzen die feinen Nuancen unserer marokkanischen Weine? Dann lassen Sie sich von der Eleganz und Sch\u00f6nheit der marokkanischen Golflandschaften verzaubern. Perfektes Spiel, ideales Klima Warum Marokko das ideale Ziel f\u00fcr eine Golfreise ist? Es ist die Kombination aus&nbsp;ganzj\u00e4hriger Spielbarkeit, einer erstklassigen Infrastruktur und Pl\u00e4tzen, die von [&hellip;]<\/p>\n","protected":false},"author":1,"featured_media":0,"parent":0,"menu_order":0,"comment_status":"closed","ping_status":"closed","template":"","meta":{"_acf_changed":false,"footnotes":""},"class_list":["post-2058","page","type-page","status-publish","hentry"],"blocksy_meta":[],"acf":[],"_links":{"self":[{"href":"https:\/\/marokkanische-weine.de\/en\/wp-json\/wp\/v2\/pages\/2058","targetHints":{"allow":["GET"]}}],"collection":[{"href":"https:\/\/marokkanische-weine.de\/en\/wp-json\/wp\/v2\/pages"}],"about":[{"href":"https:\/\/marokkanische-weine.de\/en\/wp-json\/wp\/v2\/types\/page"}],"author":[{"embeddable":true,"href":"https:\/\/marokkanische-weine.de\/en\/wp-json\/wp\/v2\/users\/1"}],"replies":[{"embeddable":true,"href":"https:\/\/marokkanische-weine.de\/en\/wp-json\/wp\/v2\/comments?post=2058"}],"version-history":[{"count":4,"href":"https:\/\/marokkanische-weine.de\/en\/wp-json\/wp\/v2\/pages\/2058\/revisions"}],"predecessor-version":[{"id":2068,"href":"https:\/\/marokkanische-weine.de\/en\/wp-json\/wp\/v2\/pages\/2058\/revisions\/2068"}],"wp:attachment":[{"href":"https:\/\/marokkanische-weine.de\/en\/wp-json\/wp\/v2\/media?parent=2058"}],"curies":[{"name":"wp","href":"https:\/\/api.w.org\/{rel}","templated":true}]}}