{"id":1748,"date":"2025-06-05T20:58:10","date_gmt":"2025-06-05T20:58:10","guid":{"rendered":"https:\/\/marokkanische-weine.de\/?page_id=1748"},"modified":"2025-06-05T21:16:52","modified_gmt":"2025-06-05T21:16:52","slug":"berberroyal","status":"publish","type":"page","link":"https:\/\/marokkanische-weine.de\/en\/berberroyal\/","title":{"rendered":"berberroyal"},"content":{"rendered":"<div data-block-name=\"woocommerce\/single-product\" data-product-id=\"1664\" data-wp-context=\"{&quot;productId&quot;:1664,&quot;variationId&quot;:null}\" data-wp-interactive=\"woocommerce\/single-product\" class=\"wp-block-woocommerce-single-product woocommerce\">\n<div class=\"wp-block-columns is-layout-flex wp-container-core-columns-is-layout-28f84493 wp-block-columns-is-layout-flex\">\n<div class=\"wp-block-column is-layout-flow wp-block-column-is-layout-flow\"><div data-block-name=\"woocommerce\/product-image\" data-is-descendent-of-single-product-block=\"true\" data-show-sale-badge=\"false\" class=\"wc-block-components-product-image wc-block-grid__product-image wc-block-components-product-image--aspect-ratio-auto wp-block-woocommerce-product-image\"><a href=\"https:\/\/marokkanische-weine.de\/en\/product\/les-monts-dirhane-rotwein-algerien\/\" style=\"\" data-wp-on--click=\"woocommerce\/product-collection::actions.viewProduct\"><img decoding=\"async\" width=\"600\" height=\"600\" src=\"https:\/\/marokkanische-weine.de\/wp-content\/uploads\/2025\/05\/Les_Monts_dIrhane_Rotwein_Algerien-2-scaled.png\" class=\"attachment-woocommerce_single size-woocommerce_single\" alt=\"Les Monts d&#039;Irhane Rotwein\" data-testid=\"product-image\" data-image-id=\"1663\" style=\"object-fit:cover;\" loading=\"lazy\" \/><div class=\"wc-block-components-product-image__inner-container\"><\/div><\/a><\/div><\/div>\n\n\n\n<div class=\"wp-block-column is-layout-flow wp-block-column-is-layout-flow\"><h2 class=\"wp-block-post-title\"><a href=\"https:\/\/marokkanische-weine.de\/en\/product\/les-monts-dirhane-rotwein-algerien\/\" target=\"_self\" >Les Monts d&#8217;Irhane | Rotwein | &#8211; | Algerien<\/a><\/h2>\n\n\n\n<div data-block-name=\"woocommerce\/product-price\" data-is-descendent-of-single-product-block=\"true\" class=\"wp-block-woocommerce-product-price\" ><div class=\"wc-block-components-product-price wc-block-grid__product-price\" >\n\t\t\t\t\t<span class=\"woocommerce-Price-amount amount\"><bdi>12,76&nbsp;<span class=\"woocommerce-Price-currencySymbol\">&euro;<\/span><\/bdi><\/span>\n\t\t\t\t<\/div><\/div>\n\n<div data-block-name=\"woocommerce\/product-summary\" data-is-descendent-of-single-product-block=\"true\" class=\"wp-block-woocommerce-product-summary\"><div class=\"wc-block-components-product-summary\" style=\"\">\n\t\t\t\t<h3>Les Monts d&#x27;Irhane Rotwein<\/h3>\n<p><strong>Beschreibung<\/strong><br \/>Mysteri\u00f6s wie eine unentdeckte Indie-Band aus den fr\u00fchen 2000ern. Kraftvoll, mit rauchigen Noten und einer Beerenfrucht, die sich erst beim zweiten Glas vollst\u00e4ndig offenbart. Der perfekte Wein f\u00fcr analoge Filmabende und Diskussionen \u00fcber Gentrifizierung.<\/p>\n<table>\n<tr>\n<td><strong>Herkunft<\/strong><\/td>\n<td>Algeria<\/td>\n<\/tr>\n<tr>\n<td><strong>Jahrgang<\/strong><\/td>\n<td>Nicht angegeben<\/td>\n<\/tr>\n<tr>\n<td><strong>Alkoholgehalt<\/strong><\/td>\n<td>13 % Vol.<\/td>\n<\/tr>\n<tr>\n<td><strong>Flascheninhalt<\/strong><\/td>\n<td>75 cl<\/td>\n<\/tr>\n<\/table>\n<p><\/p>\n\n\t\t\t<\/div><\/div>\n\n<div data-block-name=\"woocommerce\/add-to-cart-form\" data-quantity-selector-style=\"stepper\" class=\"wp-block-add-to-cart-form wc-block-add-to-cart-form wc-block-add-to-cart-form--stepper wp-block-woocommerce-add-to-cart-form\" data-wp-interactive=\"woocommerce\/add-to-cart-form\"><p class=\"stock in-stock\" data-no-translation=\"\" data-trp-gettext=\"\">55 in stock<\/p>\n\n\t\n\t<form class=\"cart\" action=\"https:\/\/marokkanische-weine.de\/en\/product\/les-monts-dirhane-rotwein-algerien\/\" method=\"post\" enctype='multipart\/form-data' data-trp-original-action=\"https:\/\/marokkanische-weine.de\/en\/product\/les-monts-dirhane-rotwein-algerien\/\">\n\t\t<div\n\tclass=\"wlfmc-add-to-wishlist wlfmc-add-to-wishlist-1664  wlfmc-single-btn wlfmc_position_before_add_to_cart_button wlfmc-btn-type-icon show-remove-after-add\"\n\tdata-remove-url=\"?remove_from_wishlist=#product_id\"\n\tdata-add-url=\"?add_to_wishlist=#product_id\"\n\tdata-enable-outofstock=\"1\"\n\tdata-popup-id=\"\"\n>\n\t\n\t\t\t\t\t\t<!-- ADD TO WISHLIST -->\n\t\t<div class=\"wlfmc-add-button  wlfmc-addtowishlist  wlfmc-tooltip wlfmc-tooltip-top\"\n\t\t\tdata-tooltip-text=\"Add To Wishlist\"\n\t\t\tdata-tooltip-type=\"default\">\n\t\t\t<a\n\t\t\t\thref=\"#\" rel=\"nofollow\"\n\t\t\t\taria-label=\"Add to wishlist\"\t\t\t\tdata-product-id=\"1664\"\n\t\t\t\tdata-product-type=\"simple\"\n\t\t\t\tdata-parent-product-id=\"1664\"\n\t\t\t\tdata-e-disable-page-transition\n\t\t\t\tclass=\"wlfmc_add_to_wishlist wlfmc-custom-btn alt \">\n\t\t\t\t<i class=\"wlfmc-icon-heart-regular-2\"><\/i>\t\t\t<\/a>\n\t\t<\/div>\n\t\t\t\t\t<!-- REMOVE FROM WISHLIST -->\n\t\t\t<div class=\"wlfmc-add-button  wlfmc-removefromwishlist  wlfmc-tooltip wlfmc-tooltip-top\"\n\t\t\t\tdata-tooltip-type=\"default\"\n\t\t\t\tdata-tooltip-text=\"Remove From Wishlist\">\n\t\t\t\t<a\n\t\t\t\t\thref=\"#\" rel=\"nofollow\"\n\t\t\t\t\tdata-wishlist-id=\"\"\n\t\t\t\t\tdata-item-id=\"\"\n\t\t\t\t\taria-label=\"Remove from wishlist\"\t\t\t\t\tdata-product-id=\"1664\"\n\t\t\t\t\tdata-product-type=\"simple\"\n\t\t\t\t\tdata-parent-product-id=\"1664\"\n\t\t\t\t\tdata-e-disable-page-transition\n\t\t\t\t\tclass=\"wlfmc_delete_item  wlfmc-custom-btn alt \">\n\t\t\t\t\t<i class=\"wlfmc-icon-heart-regular-2-o\"><\/i>\t\t\t\t<\/a>\n\t\t\t<\/div>\n\t\t\t\t\n\t\n<\/div>\n\n\t\t<div class=\"quantity wc-block-components-quantity-selector\" data-type=\"type-2\">\n\t\t<label class=\"screen-reader-text\" for=\"quantity_69f39e0585d60\" data-no-translation=\"\" data-trp-gettext=\"\">Les Monts d&#039;Irhane | Rotwein | &#8211; | Algerien quantity<\/label>\n\t<input\n\t\ttype=\"number\"\n\t\t\t\tid=\"quantity_69f39e0585d60\"\n\t\tclass=\"input-text qty text wc-block-components-quantity-selector__input\"\n\t\tname=\"quantity\"\n\t\tvalue=\"1\"\n\t\taria-label=\"Product quantity\"\n\t\t\t\tmin=\"1\"\n\t\t\t\t\tmax=\"55\"\n\t\t\t\t\t\t\tstep=\"1\"\n\t\t\tplaceholder=\"\"\n\t\t\tinputmode=\"numeric\"\n\t\t\tautocomplete=\"off\" data-no-translation-aria-label=\"\"\n\t\t\t\/><button aria-label=\"Reduce quantity of Les Monts d&#039;Irhane | Rotwein | - | Algerien\" type=\"button\" data-wp-on--click=\"actions.removeQuantity\" class=\"wc-block-components-quantity-selector__button wc-block-components-quantity-selector__button--minus\" data-no-translation-aria-label=\"\">\u2212<\/button><button aria-label=\"Increase quantity of Les Monts d&#039;Irhane | Rotwein | - | Algerien\" type=\"button\" data-wp-on--click=\"actions.addQuantity\" class=\"wc-block-components-quantity-selector__button wc-block-components-quantity-selector__button--plus\" data-no-translation-aria-label=\"\">+<\/button>\n\t<\/div>\n\n\t\t<button type=\"submit\" name=\"add-to-cart\" value=\"1664\" class=\"single_add_to_cart_button button alt\" data-no-translation=\"\" data-trp-gettext=\"\">Add to basket<\/button>\n\n\t\t\t<input type=\"hidden\" name=\"trp-form-language\" value=\"en\"\/><\/form>\n\n\t\n<\/div><\/div>\n<\/div>\n<\/div>\n\n\n\n<div data-block-name=\"woocommerce\/cart\" class=\"wp-block-woocommerce-cart alignwide is-loading\">\n<div data-block-name=\"woocommerce\/filled-cart-block\" class=\"wp-block-woocommerce-filled-cart-block\">\n<div data-block-name=\"woocommerce\/cart-items-block\" class=\"wp-block-woocommerce-cart-items-block\">\n<div data-block-name=\"woocommerce\/cart-line-items-block\" class=\"wp-block-woocommerce-cart-line-items-block\"><\/div>\n\n\n\n<div data-block-name=\"woocommerce\/cart-cross-sells-block\" class=\"wp-block-woocommerce-cart-cross-sells-block\">\n<h2 class=\"wp-block-heading has-large-font-size\">Das interessiert dich vielleicht\u00a0\u2026<\/h2>\n\n\n\n<div data-block-name=\"woocommerce\/cart-cross-sells-products-block\" class=\"wp-block-woocommerce-cart-cross-sells-products-block\"><\/div>\n<\/div>\n<\/div>\n\n\n\n<div data-block-name=\"woocommerce\/cart-totals-block\" class=\"wp-block-woocommerce-cart-totals-block\">\n<div data-block-name=\"woocommerce\/cart-order-summary-block\" class=\"wp-block-woocommerce-cart-order-summary-block\">\n<div data-block-name=\"woocommerce\/cart-order-summary-heading-block\" data-content=\"Warenkorb-Summe\" class=\"wp-block-woocommerce-cart-order-summary-heading-block\"><\/div>\n\n\n\n<div data-block-name=\"woocommerce\/cart-order-summary-coupon-form-block\" class=\"wp-block-woocommerce-cart-order-summary-coupon-form-block\"><\/div>\n\n\n\n<div data-block-name=\"woocommerce\/cart-order-summary-totals-block\" class=\"wp-block-woocommerce-cart-order-summary-totals-block\">\n<div data-block-name=\"woocommerce\/cart-order-summary-subtotal-block\" class=\"wp-block-woocommerce-cart-order-summary-subtotal-block\"><\/div>\n\n\n\n<div data-block-name=\"woocommerce\/cart-order-summary-fee-block\" class=\"wp-block-woocommerce-cart-order-summary-fee-block\"><\/div>\n\n\n\n<div data-block-name=\"woocommerce\/cart-order-summary-discount-block\" class=\"wp-block-woocommerce-cart-order-summary-discount-block\"><\/div>\n\n\n\n<div data-block-name=\"woocommerce\/cart-order-summary-shipping-block\" class=\"wp-block-woocommerce-cart-order-summary-shipping-block\"><\/div>\n\n\n\n<div data-block-name=\"woocommerce\/cart-order-summary-taxes-block\" class=\"wp-block-woocommerce-cart-order-summary-taxes-block\"><\/div>\n<\/div>\n<\/div>\n\n\n\n<div data-block-name=\"woocommerce\/cart-express-payment-block\" class=\"wp-block-woocommerce-cart-express-payment-block\"><\/div>\n\n\n\n<div data-block-name=\"woocommerce\/proceed-to-checkout-block\" class=\"wp-block-woocommerce-proceed-to-checkout-block\"><\/div>\n\n\n\n<div data-block-name=\"woocommerce\/cart-accepted-payment-methods-block\" class=\"wp-block-woocommerce-cart-accepted-payment-methods-block\"><\/div>\n<\/div>\n<\/div>\n\n\n\n<div data-block-name=\"woocommerce\/empty-cart-block\" class=\"wp-block-woocommerce-empty-cart-block\">\n<h2 class=\"wp-block-heading has-text-align-center with-empty-cart-icon wc-block-cart__empty-cart__title\">Dein Warenkorb ist gerade leer!<\/h2>\n\n\n\n<p class=\"has-text-align-center\"><a href=\"https:\/\/marokkanische-weine.de\/en\/products\/\">Shop durchst\u00f6bern<\/a><\/p>\n\n\n\n<hr class=\"wp-block-separator has-alpha-channel-opacity is-style-dots\"\/>\n\n\n\n<h2 class=\"wp-block-heading has-text-align-center\">Neu im Shop<\/h2>\n\n\n<div data-block-name=\"woocommerce\/product-new\" data-columns=\"4\" data-rows=\"1\" class=\"wc-block-grid wp-block-product-new wp-block-woocommerce-product-new wc-block-product-new has-4-columns\"><ul class=\"wc-block-grid__products\"><li class=\"wc-block-grid__product\"><div\n\tclass=\"wlfmc-add-to-wishlist wlfmc-add-to-wishlist-2048  wlfmc-loop-btn wlfmc_position_image_top_right wlfmc-btn-type-icon wlfmc-top-of-image image_top_right show-remove-after-add\"\n\tdata-remove-url=\"?remove_from_wishlist=#product_id\"\n\tdata-add-url=\"?add_to_wishlist=#product_id\"\n\tdata-enable-outofstock=\"1\"\n\tdata-popup-id=\"\"\n>\n\t\n\t\t\t\t\t\t<!-- ADD TO WISHLIST -->\n\t\t<div class=\"wlfmc-add-button  wlfmc-addtowishlist  wlfmc-tooltip wlfmc-tooltip-top\"\n\t\t\tdata-tooltip-text=\"Add To Wishlist\"\n\t\t\tdata-tooltip-type=\"default\">\n\t\t\t<a\n\t\t\t\thref=\"#\" rel=\"nofollow\"\n\t\t\t\taria-label=\"Add to wishlist\"\t\t\t\tdata-product-id=\"2048\"\n\t\t\t\tdata-product-type=\"variable\"\n\t\t\t\tdata-parent-product-id=\"2048\"\n\t\t\t\tdata-e-disable-page-transition\n\t\t\t\tclass=\"wlfmc_add_to_wishlist wlfmc-custom-btn alt \">\n\t\t\t\t<i class=\"wlfmc-icon-heart-regular-2\"><\/i>\t\t\t<\/a>\n\t\t<\/div>\n\t\t\t\t\t<!-- REMOVE FROM WISHLIST -->\n\t\t\t<div class=\"wlfmc-add-button  wlfmc-removefromwishlist  wlfmc-tooltip wlfmc-tooltip-top\"\n\t\t\t\tdata-tooltip-type=\"default\"\n\t\t\t\tdata-tooltip-text=\"Remove From Wishlist\">\n\t\t\t\t<a\n\t\t\t\t\thref=\"#\" rel=\"nofollow\"\n\t\t\t\t\tdata-wishlist-id=\"\"\n\t\t\t\t\tdata-item-id=\"\"\n\t\t\t\t\taria-label=\"Remove from wishlist\"\t\t\t\t\tdata-product-id=\"2048\"\n\t\t\t\t\tdata-product-type=\"variable\"\n\t\t\t\t\tdata-parent-product-id=\"2048\"\n\t\t\t\t\tdata-e-disable-page-transition\n\t\t\t\t\tclass=\"wlfmc_delete_item  wlfmc-custom-btn alt \">\n\t\t\t\t\t<i class=\"wlfmc-icon-heart-regular-2-o\"><\/i>\t\t\t\t<\/a>\n\t\t\t<\/div>\n\t\t\t\t\n\t\n<\/div>\n<a href=\"https:\/\/marokkanische-weine.de\/en\/product\/tasting-marokkanische-weine-und-tapas\/\" class=\"wc-block-grid__product-link\"><div class=\"wc-block-grid__product-image\"><img decoding=\"async\" width=\"300\" height=\"300\" src=\"https:\/\/marokkanische-weine.de\/wp-content\/uploads\/2024\/10\/domains_amal-300x300.png\" class=\"attachment-woocommerce_thumbnail size-woocommerce_thumbnail\" alt=\"Tasting: Marokkanische Weine &amp; Tapas\" \/><\/div> <div class=\"wc-block-grid__product-title\">Tasting: Marokkanische Weine &amp; Tapas<\/div><\/a><div class=\"wc-block-grid__product-price price\"><span class=\"woocommerce-Price-amount amount\" aria-hidden=\"true\">85,00&nbsp;<span class=\"woocommerce-Price-currencySymbol\">&euro;<\/span><\/span> <span aria-hidden=\"true\">&ndash;<\/span> <span class=\"woocommerce-Price-amount amount\" aria-hidden=\"true\">120,00&nbsp;<span class=\"woocommerce-Price-currencySymbol\">&euro;<\/span><\/span><span class=\"screen-reader-text\" data-no-translation=\"\" data-trp-gettext=\"\">Price range: 85,00&nbsp;&euro; through 120,00&nbsp;&euro;<\/span><\/div><div class=\"wp-block-button wc-block-grid__product-add-to-cart\"><a href=\"https:\/\/marokkanische-weine.de\/en\/product\/tasting-marokkanische-weine-und-tapas\/\" aria-label=\"Select options for \u201cTasting: Marokkanische Weine &amp; Tapas\u201d\" data-quantity=\"1\" data-product_id=\"2048\" data-product_sku=\"\" data-price=\"85\" rel=\"nofollow\" class=\"wp-block-button__link  add_to_cart_button\" data-no-translation=\"\" data-trp-gettext=\"\" data-no-translation-aria-label=\"\">Select options<\/a><\/div><\/li><li class=\"wc-block-grid__product\"><div\n\tclass=\"wlfmc-add-to-wishlist wlfmc-add-to-wishlist-2004  wlfmc-loop-btn wlfmc_position_image_top_right wlfmc-btn-type-icon wlfmc-top-of-image image_top_right show-remove-after-add\"\n\tdata-remove-url=\"?remove_from_wishlist=#product_id\"\n\tdata-add-url=\"?add_to_wishlist=#product_id\"\n\tdata-enable-outofstock=\"1\"\n\tdata-popup-id=\"\"\n>\n\t\n\t\t\t\t\t\t<!-- ADD TO WISHLIST -->\n\t\t<div class=\"wlfmc-add-button  wlfmc-addtowishlist  wlfmc-tooltip wlfmc-tooltip-top\"\n\t\t\tdata-tooltip-text=\"Add To Wishlist\"\n\t\t\tdata-tooltip-type=\"default\">\n\t\t\t<a\n\t\t\t\thref=\"#\" rel=\"nofollow\"\n\t\t\t\taria-label=\"Add to wishlist\"\t\t\t\tdata-product-id=\"2004\"\n\t\t\t\tdata-product-type=\"simple\"\n\t\t\t\tdata-parent-product-id=\"2004\"\n\t\t\t\tdata-e-disable-page-transition\n\t\t\t\tclass=\"wlfmc_add_to_wishlist wlfmc-custom-btn alt \">\n\t\t\t\t<i class=\"wlfmc-icon-heart-regular-2\"><\/i>\t\t\t<\/a>\n\t\t<\/div>\n\t\t\t\t\t<!-- REMOVE FROM WISHLIST -->\n\t\t\t<div class=\"wlfmc-add-button  wlfmc-removefromwishlist  wlfmc-tooltip wlfmc-tooltip-top\"\n\t\t\t\tdata-tooltip-type=\"default\"\n\t\t\t\tdata-tooltip-text=\"Remove From Wishlist\">\n\t\t\t\t<a\n\t\t\t\t\thref=\"#\" rel=\"nofollow\"\n\t\t\t\t\tdata-wishlist-id=\"\"\n\t\t\t\t\tdata-item-id=\"\"\n\t\t\t\t\taria-label=\"Remove from wishlist\"\t\t\t\t\tdata-product-id=\"2004\"\n\t\t\t\t\tdata-product-type=\"simple\"\n\t\t\t\t\tdata-parent-product-id=\"2004\"\n\t\t\t\t\tdata-e-disable-page-transition\n\t\t\t\t\tclass=\"wlfmc_delete_item  wlfmc-custom-btn alt \">\n\t\t\t\t\t<i class=\"wlfmc-icon-heart-regular-2-o\"><\/i>\t\t\t\t<\/a>\n\t\t\t<\/div>\n\t\t\t\t\n\t\n<\/div>\n<a href=\"https:\/\/marokkanische-weine.de\/en\/product\/guerrouane-vin-du-maroc-rot-2023-13\/\" class=\"wc-block-grid__product-link\"><div class=\"wc-block-grid__product-image\"><img decoding=\"async\" width=\"300\" height=\"300\" src=\"https:\/\/marokkanische-weine.de\/wp-content\/uploads\/woocommerce-placeholder.png\" class=\"woocommerce-placeholder wp-post-image\" alt=\"\" \/><\/div> <div class=\"wc-block-grid__product-title\">AIN LORMA GUERROUANE VIN DU MAROC ROT 2023 | 13%<\/div><\/a><div class=\"wc-block-grid__product-price price\"><span class=\"woocommerce-Price-amount amount\">8,99&nbsp;<span class=\"woocommerce-Price-currencySymbol\">&euro;<\/span><\/span><\/div><div class=\"wp-block-button wc-block-grid__product-add-to-cart\"><a href=\"\/en\/wp-json\/wp\/v2\/pages\/1748?add-to-cart=2004\" aria-label=\"Add to basket: \u201cAIN LORMA GUERROUANE VIN DU MAROC ROT 2023 | 13%\u201d\" data-quantity=\"1\" data-product_id=\"2004\" data-product_sku=\"RE660270\" data-price=\"8.99\" rel=\"nofollow\" class=\"wp-block-button__link  add_to_cart_button ajax_add_to_cart\" data-no-translation=\"\" data-trp-gettext=\"\" data-no-translation-aria-label=\"\">Add to basket<\/a><\/div><\/li><li class=\"wc-block-grid__product\"><div\n\tclass=\"wlfmc-add-to-wishlist wlfmc-add-to-wishlist-2003  wlfmc-loop-btn wlfmc_position_image_top_right wlfmc-btn-type-icon wlfmc-top-of-image image_top_right show-remove-after-add\"\n\tdata-remove-url=\"?remove_from_wishlist=#product_id\"\n\tdata-add-url=\"?add_to_wishlist=#product_id\"\n\tdata-enable-outofstock=\"1\"\n\tdata-popup-id=\"\"\n>\n\t\n\t\t\t\t\t\t<!-- ADD TO WISHLIST -->\n\t\t<div class=\"wlfmc-add-button  wlfmc-addtowishlist  wlfmc-tooltip wlfmc-tooltip-top\"\n\t\t\tdata-tooltip-text=\"Add To Wishlist\"\n\t\t\tdata-tooltip-type=\"default\">\n\t\t\t<a\n\t\t\t\thref=\"#\" rel=\"nofollow\"\n\t\t\t\taria-label=\"Add to wishlist\"\t\t\t\tdata-product-id=\"2003\"\n\t\t\t\tdata-product-type=\"simple\"\n\t\t\t\tdata-parent-product-id=\"2003\"\n\t\t\t\tdata-e-disable-page-transition\n\t\t\t\tclass=\"wlfmc_add_to_wishlist wlfmc-custom-btn alt \">\n\t\t\t\t<i class=\"wlfmc-icon-heart-regular-2\"><\/i>\t\t\t<\/a>\n\t\t<\/div>\n\t\t\t\t\t<!-- REMOVE FROM WISHLIST -->\n\t\t\t<div class=\"wlfmc-add-button  wlfmc-removefromwishlist  wlfmc-tooltip wlfmc-tooltip-top\"\n\t\t\t\tdata-tooltip-type=\"default\"\n\t\t\t\tdata-tooltip-text=\"Remove From Wishlist\">\n\t\t\t\t<a\n\t\t\t\t\thref=\"#\" rel=\"nofollow\"\n\t\t\t\t\tdata-wishlist-id=\"\"\n\t\t\t\t\tdata-item-id=\"\"\n\t\t\t\t\taria-label=\"Remove from wishlist\"\t\t\t\t\tdata-product-id=\"2003\"\n\t\t\t\t\tdata-product-type=\"simple\"\n\t\t\t\t\tdata-parent-product-id=\"2003\"\n\t\t\t\t\tdata-e-disable-page-transition\n\t\t\t\t\tclass=\"wlfmc_delete_item  wlfmc-custom-btn alt \">\n\t\t\t\t\t<i class=\"wlfmc-icon-heart-regular-2-o\"><\/i>\t\t\t\t<\/a>\n\t\t\t<\/div>\n\t\t\t\t\n\t\n<\/div>\n<a href=\"https:\/\/marokkanische-weine.de\/en\/product\/guerrouane-vin-du-maroc-rot-2022-12\/\" class=\"wc-block-grid__product-link\"><div class=\"wc-block-grid__product-image\"><img decoding=\"async\" width=\"300\" height=\"300\" src=\"https:\/\/marokkanische-weine.de\/wp-content\/uploads\/woocommerce-placeholder.png\" class=\"woocommerce-placeholder wp-post-image\" alt=\"\" \/><\/div> <div class=\"wc-block-grid__product-title\">AIN LORMA GUERROUANE VIN DU MAROC ROT 2022 | 12%<\/div><\/a><div class=\"wc-block-grid__product-price price\"><span class=\"woocommerce-Price-amount amount\">4,99&nbsp;<span class=\"woocommerce-Price-currencySymbol\">&euro;<\/span><\/span><\/div><div class=\"wp-block-button wc-block-grid__product-add-to-cart\"><a href=\"\/en\/wp-json\/wp\/v2\/pages\/1748?add-to-cart=2003\" aria-label=\"Add to basket: \u201cAIN LORMA GUERROUANE VIN DU MAROC ROT 2022 | 12%\u201d\" data-quantity=\"1\" data-product_id=\"2003\" data-product_sku=\"RE660439\" data-price=\"4.99\" rel=\"nofollow\" class=\"wp-block-button__link  add_to_cart_button ajax_add_to_cart\" data-no-translation=\"\" data-trp-gettext=\"\" data-no-translation-aria-label=\"\">Add to basket<\/a><\/div><\/li><li class=\"wc-block-grid__product\"><div\n\tclass=\"wlfmc-add-to-wishlist wlfmc-add-to-wishlist-1997  wlfmc-loop-btn wlfmc_position_image_top_right wlfmc-btn-type-icon wlfmc-top-of-image image_top_right show-remove-after-add\"\n\tdata-remove-url=\"?remove_from_wishlist=#product_id\"\n\tdata-add-url=\"?add_to_wishlist=#product_id\"\n\tdata-enable-outofstock=\"1\"\n\tdata-popup-id=\"\"\n>\n\t\n\t\t\t\t\t\t<!-- ADD TO WISHLIST -->\n\t\t<div class=\"wlfmc-add-button  wlfmc-addtowishlist  wlfmc-tooltip wlfmc-tooltip-top\"\n\t\t\tdata-tooltip-text=\"Add To Wishlist\"\n\t\t\tdata-tooltip-type=\"default\">\n\t\t\t<a\n\t\t\t\thref=\"#\" rel=\"nofollow\"\n\t\t\t\taria-label=\"Add to wishlist\"\t\t\t\tdata-product-id=\"1997\"\n\t\t\t\tdata-product-type=\"simple\"\n\t\t\t\tdata-parent-product-id=\"1997\"\n\t\t\t\tdata-e-disable-page-transition\n\t\t\t\tclass=\"wlfmc_add_to_wishlist wlfmc-custom-btn alt \">\n\t\t\t\t<i class=\"wlfmc-icon-heart-regular-2\"><\/i>\t\t\t<\/a>\n\t\t<\/div>\n\t\t\t\t\t<!-- REMOVE FROM WISHLIST -->\n\t\t\t<div class=\"wlfmc-add-button  wlfmc-removefromwishlist  wlfmc-tooltip wlfmc-tooltip-top\"\n\t\t\t\tdata-tooltip-type=\"default\"\n\t\t\t\tdata-tooltip-text=\"Remove From Wishlist\">\n\t\t\t\t<a\n\t\t\t\t\thref=\"#\" rel=\"nofollow\"\n\t\t\t\t\tdata-wishlist-id=\"\"\n\t\t\t\t\tdata-item-id=\"\"\n\t\t\t\t\taria-label=\"Remove from wishlist\"\t\t\t\t\tdata-product-id=\"1997\"\n\t\t\t\t\tdata-product-type=\"simple\"\n\t\t\t\t\tdata-parent-product-id=\"1997\"\n\t\t\t\t\tdata-e-disable-page-transition\n\t\t\t\t\tclass=\"wlfmc_delete_item  wlfmc-custom-btn alt \">\n\t\t\t\t\t<i class=\"wlfmc-icon-heart-regular-2-o\"><\/i>\t\t\t\t<\/a>\n\t\t\t<\/div>\n\t\t\t\t\n\t\n<\/div>\n<a href=\"https:\/\/marokkanische-weine.de\/en\/product\/dme-riad-jamil-syrah\/\" class=\"wc-block-grid__product-link\"><div class=\"wc-block-grid__product-image\"><img decoding=\"async\" width=\"300\" height=\"300\" src=\"https:\/\/marokkanische-weine.de\/wp-content\/uploads\/woocommerce-placeholder.png\" class=\"woocommerce-placeholder wp-post-image\" alt=\"\" \/><\/div> <div class=\"wc-block-grid__product-title\">Domaine Riad Jamil Syrah 2024 | 12%<\/div><\/a><div class=\"wc-block-grid__product-price price\"><span class=\"woocommerce-Price-amount amount\">14,99&nbsp;<span class=\"woocommerce-Price-currencySymbol\">&euro;<\/span><\/span><\/div><div class=\"wp-block-button wc-block-grid__product-add-to-cart\"><a href=\"\/en\/wp-json\/wp\/v2\/pages\/1748?add-to-cart=1997\" aria-label=\"Add to basket: \u201cDomaine Riad Jamil Syrah 2024 | 12%\u201d\" data-quantity=\"1\" data-product_id=\"1997\" data-product_sku=\"RE648894\" data-price=\"14.99\" rel=\"nofollow\" class=\"wp-block-button__link  add_to_cart_button ajax_add_to_cart\" data-no-translation=\"\" data-trp-gettext=\"\" data-no-translation-aria-label=\"\">Add to basket<\/a><\/div><\/li><\/ul><\/div><\/div>\n<\/div>\n\n\n\n<div data-block-name=\"woocommerce\/checkout\" class=\"wp-block-woocommerce-checkout alignwide wc-block-checkout is-loading\">\n<div data-block-name=\"woocommerce\/checkout-totals-block\" class=\"wp-block-woocommerce-checkout-totals-block\">\n<div data-block-name=\"woocommerce\/checkout-order-summary-block\" class=\"wp-block-woocommerce-checkout-order-summary-block\">\n<div data-block-name=\"woocommerce\/checkout-order-summary-cart-items-block\" class=\"wp-block-woocommerce-checkout-order-summary-cart-items-block\"><\/div>\n\n\n\n<div data-block-name=\"woocommerce\/checkout-order-summary-coupon-form-block\" class=\"wp-block-woocommerce-checkout-order-summary-coupon-form-block\"><\/div>\n\n\n\n<div data-block-name=\"woocommerce\/checkout-order-summary-totals-block\" class=\"wp-block-woocommerce-checkout-order-summary-totals-block\">\n<div data-block-name=\"woocommerce\/checkout-order-summary-subtotal-block\" class=\"wp-block-woocommerce-checkout-order-summary-subtotal-block\"><\/div>\n\n\n\n<div data-block-name=\"woocommerce\/checkout-order-summary-fee-block\" class=\"wp-block-woocommerce-checkout-order-summary-fee-block\"><\/div>\n\n\n\n<div data-block-name=\"woocommerce\/checkout-order-summary-discount-block\" class=\"wp-block-woocommerce-checkout-order-summary-discount-block\"><\/div>\n\n\n\n<div data-block-name=\"woocommerce\/checkout-order-summary-shipping-block\" class=\"wp-block-woocommerce-checkout-order-summary-shipping-block\"><\/div>\n\n\n\n<div data-block-name=\"woocommerce\/checkout-order-summary-taxes-block\" class=\"wp-block-woocommerce-checkout-order-summary-taxes-block\"><\/div>\n<\/div>\n<\/div>\n<\/div>\n\n\n\n<div data-block-name=\"woocommerce\/checkout-fields-block\" class=\"wp-block-woocommerce-checkout-fields-block\">\n<div data-block-name=\"woocommerce\/checkout-express-payment-block\" class=\"wp-block-woocommerce-checkout-express-payment-block\"><\/div>\n\n\n\n<div data-block-name=\"woocommerce\/checkout-contact-information-block\" class=\"wp-block-woocommerce-checkout-contact-information-block\"><\/div>\n\n\n\n<div data-block-name=\"woocommerce\/checkout-shipping-method-block\" class=\"wp-block-woocommerce-checkout-shipping-method-block\"><\/div>\n\n\n\n<div data-block-name=\"woocommerce\/checkout-pickup-options-block\" class=\"wp-block-woocommerce-checkout-pickup-options-block\"><\/div>\n\n\n\n<div data-block-name=\"woocommerce\/checkout-shipping-address-block\" class=\"wp-block-woocommerce-checkout-shipping-address-block\"><\/div>\n\n\n\n<div data-block-name=\"woocommerce\/checkout-billing-address-block\" class=\"wp-block-woocommerce-checkout-billing-address-block\"><\/div>\n\n\n\n<div data-block-name=\"woocommerce\/checkout-shipping-methods-block\" class=\"wp-block-woocommerce-checkout-shipping-methods-block\"><\/div>\n\n\n\n<div data-block-name=\"woocommerce\/checkout-payment-block\" class=\"wp-block-woocommerce-checkout-payment-block\"><\/div>\n\n\n\n<div data-block-name=\"woocommerce\/checkout-additional-information-block\" class=\"wp-block-woocommerce-checkout-additional-information-block\"><\/div>\n\n\n\n<div data-block-name=\"woocommerce\/checkout-order-note-block\" class=\"wp-block-woocommerce-checkout-order-note-block\"><\/div>\n\n\n\n<div data-block-name=\"woocommerce\/checkout-terms-block\" class=\"wp-block-woocommerce-checkout-terms-block\"><\/div>\n\n\n\n<div data-block-name=\"woocommerce\/checkout-actions-block\" class=\"wp-block-woocommerce-checkout-actions-block\"><\/div>\n<\/div>\n<\/div>","protected":false},"excerpt":{"rendered":"","protected":false},"author":1,"featured_media":0,"parent":0,"menu_order":0,"comment_status":"closed","ping_status":"closed","template":"","meta":{"_acf_changed":false,"footnotes":""},"class_list":["post-1748","page","type-page","status-publish","hentry"],"blocksy_meta":[],"acf":[],"_links":{"self":[{"href":"https:\/\/marokkanische-weine.de\/en\/wp-json\/wp\/v2\/pages\/1748","targetHints":{"allow":["GET"]}}],"collection":[{"href":"https:\/\/marokkanische-weine.de\/en\/wp-json\/wp\/v2\/pages"}],"about":[{"href":"https:\/\/marokkanische-weine.de\/en\/wp-json\/wp\/v2\/types\/page"}],"author":[{"embeddable":true,"href":"https:\/\/marokkanische-weine.de\/en\/wp-json\/wp\/v2\/users\/1"}],"replies":[{"embeddable":true,"href":"https:\/\/marokkanische-weine.de\/en\/wp-json\/wp\/v2\/comments?post=1748"}],"version-history":[{"count":4,"href":"https:\/\/marokkanische-weine.de\/en\/wp-json\/wp\/v2\/pages\/1748\/revisions"}],"predecessor-version":[{"id":1757,"href":"https:\/\/marokkanische-weine.de\/en\/wp-json\/wp\/v2\/pages\/1748\/revisions\/1757"}],"wp:attachment":[{"href":"https:\/\/marokkanische-weine.de\/en\/wp-json\/wp\/v2\/media?parent=1748"}],"curies":[{"name":"wp","href":"https:\/\/api.w.org\/{rel}","templated":true}]}}