{"id":1721,"date":"2025-05-09T10:19:23","date_gmt":"2025-05-09T10:19:23","guid":{"rendered":"https:\/\/marokkanische-weine.de\/?page_id=1721"},"modified":"2025-05-09T10:19:26","modified_gmt":"2025-05-09T10:19:26","slug":"datenschutzerklaerung","status":"publish","type":"page","link":"https:\/\/marokkanische-weine.de\/en\/datenschutzerklaerung\/","title":{"rendered":"Datenschutzerkl\u00e4rung"},"content":{"rendered":"<p><strong>Datenschutzerkl\u00e4rung<\/strong><\/p>\n\n\n\n<p><strong>1. Verantwortlicher<\/strong><\/p>\n\n\n\n<p>Verantwortlich f\u00fcr die Datenverarbeitung auf dieser Website ist:<\/p>\n\n\n\n<p>marokkanische-weine GbR<br>Lersnerstra\u00dfe 20<br>60322 Frankfurt am Main<br>Deutschland<\/p>\n\n\n\n<p>Vertreten durch die gesch\u00e4ftsf\u00fchrenden Gesellschafter:<br>Volkan T\u00fcmolz<br>Jamal Jaber<\/p>\n\n\n\n<p>Kontakt:<br>E-Mail: <a href=\"mailto:info@marokkanische-weine.de\">info@marokkanische-weine.de<\/a><\/p>\n\n\n\n<p><strong>2. Erhebung und Speicherung personenbezogener Daten sowie Art und Zweck von deren Verwendung<\/strong><\/p>\n\n\n\n<p><strong>a) Beim Besuch der Website<\/strong><\/p>\n\n\n\n<p>Beim Aufrufen unserer Website <a href=\"https:\/\/marokkanische-weine.de\/en\/\">www.marokkanische-weine.de<\/a> werden durch den auf Ihrem Endger\u00e4t zum Einsatz kommenden Browser automatisch Informationen an den Server unserer Website gesendet. Diese Informationen werden tempor\u00e4r in einem sogenannten Logfile gespeichert. Folgende Informationen werden dabei ohne Ihr Zutun erfasst und bis zur automatisierten L\u00f6schung gespeichert:<\/p>\n\n\n\n<ul class=\"wp-block-list\">\n<li>IP-Adresse des anfragenden Rechners,<\/li>\n\n\n\n<li>Datum und Uhrzeit des Zugriffs,<\/li>\n\n\n\n<li>Name und URL der abgerufenen Datei,<\/li>\n\n\n\n<li>Website, von der aus der Zugriff erfolgt (Referrer-URL),<\/li>\n\n\n\n<li>verwendeter Browser und ggf. das Betriebssystem Ihres Rechners sowie der Name Ihres Access-Providers.<\/li>\n<\/ul>\n\n\n\n<p>Die genannten Daten werden durch uns zu folgenden Zwecken verarbeitet:<\/p>\n\n\n\n<ul class=\"wp-block-list\">\n<li>Gew\u00e4hrleistung eines reibungslosen Verbindungsaufbaus der Website,<\/li>\n\n\n\n<li>Gew\u00e4hrleistung einer komfortablen Nutzung unserer Website,<\/li>\n\n\n\n<li>Auswertung der Systemsicherheit und -stabilit\u00e4t sowie<\/li>\n\n\n\n<li>zu weiteren administrativen Zwecken.<\/li>\n<\/ul>\n\n\n\n<p>Die Rechtsgrundlage f\u00fcr die Datenverarbeitung ist Art. 6 Abs. 1 S. 1 lit. f DSGVO. Unser berechtigtes Interesse folgt aus oben aufgelisteten Zwecken zur Datenerhebung. In keinem Fall verwenden wir die erhobenen Daten zu dem Zweck, R\u00fcckschl\u00fcsse auf Ihre Person zu ziehen.<\/p>\n\n\n\n<p><strong>b) Bei Nutzung unseres Kontaktformulars<\/strong><\/p>\n\n\n\n<p>Bei Fragen jeglicher Art bieten wir Ihnen die M\u00f6glichkeit, mit uns \u00fcber ein auf der Website bereitgestelltes Formular Kontakt aufzunehmen. Dabei ist die Angabe einer g\u00fcltigen E-Mail-Adresse erforderlich, damit wir wissen, von wem die Anfrage stammt und um diese beantworten zu k\u00f6nnen. Weitere Angaben k\u00f6nnen freiwillig get\u00e4tigt werden.<\/p>\n\n\n\n<p>Die Datenverarbeitung zum Zwecke der Kontaktaufnahme mit uns erfolgt nach Art. 6 Abs. 1 S. 1 lit. a DSGVO auf Grundlage Ihrer freiwillig erteilten Einwilligung.<\/p>\n\n\n\n<p><strong>c) Bei Bestellung \u00fcber unseren Online-Shop<\/strong><\/p>\n\n\n\n<p>Wenn Sie \u00fcber unseren Online-Shop eine Bestellung t\u00e4tigen, erheben wir folgende Daten:<\/p>\n\n\n\n<ul class=\"wp-block-list\">\n<li>Anrede, Vorname, Nachname,<\/li>\n\n\n\n<li>eine g\u00fcltige E-Mail-Adresse,<\/li>\n\n\n\n<li>Anschrift (Rechnungs- und ggf. Lieferadresse),<\/li>\n\n\n\n<li>Zahlungsdaten (je nach gew\u00e4hlter Zahlungsart),<\/li>\n\n\n\n<li>Telefonnummer (optional).<\/li>\n<\/ul>\n\n\n\n<p>Die Erhebung dieser Daten erfolgt,<\/p>\n\n\n\n<ul class=\"wp-block-list\">\n<li>um Sie als unseren Kunden identifizieren zu k\u00f6nnen;<\/li>\n\n\n\n<li>zur Abwicklung, Erf\u00fcllung und Abrechnung Ihrer Bestellung;<\/li>\n\n\n\n<li>zur Korrespondenz mit Ihnen;<\/li>\n\n\n\n<li>zur Rechnungsstellung;<\/li>\n\n\n\n<li>zur Abwicklung von evtl. vorliegenden Haftungsanspr\u00fcchen sowie der Geltendmachung etwaiger Anspr\u00fcche gegen Sie.<\/li>\n<\/ul>\n\n\n\n<p>Die Datenverarbeitung erfolgt auf Ihre Bestellung hin und ist nach Art. 6 Abs. 1 S. 1 lit. b DSGVO zu den genannten Zwecken f\u00fcr die angemessene Bearbeitung Ihrer Bestellung und f\u00fcr die beidseitige Erf\u00fcllung von Verpflichtungen aus dem Kaufvertrag erforderlich.<\/p>\n\n\n\n<p><strong>3. Weitergabe von Daten<\/strong><\/p>\n\n\n\n<p>Eine \u00dcbermittlung Ihrer pers\u00f6nlichen Daten an Dritte zu anderen als den im Folgenden aufgef\u00fchrten Zwecken findet nicht statt.<\/p>\n\n\n\n<p>Wir geben Ihre pers\u00f6nlichen Daten nur an Dritte weiter, wenn:<\/p>\n\n\n\n<ul class=\"wp-block-list\">\n<li>Sie Ihre nach Art. 6 Abs. 1 S. 1 lit. a DSGVO ausdr\u00fcckliche Einwilligung dazu erteilt haben,<\/li>\n\n\n\n<li>die Weitergabe nach Art. 6 Abs. 1 S. 1 lit. f DSGVO zur Geltendmachung, Aus\u00fcbung oder Verteidigung von Rechtsanspr\u00fcchen erforderlich ist und kein Grund zur Annahme besteht, dass Sie ein \u00fcberwiegendes schutzw\u00fcrdiges Interesse an der Nichtweitergabe Ihrer Daten haben,<\/li>\n\n\n\n<li>f\u00fcr den Fall, dass f\u00fcr die Weitergabe nach Art. 6 Abs. 1 S. 1 lit. c DSGVO eine gesetzliche Verpflichtung besteht, sowie<\/li>\n\n\n\n<li>dies gesetzlich zul\u00e4ssig und nach Art. 6 Abs. 1 S. 1 lit. b DSGVO f\u00fcr die Abwicklung von Vertragsverh\u00e4ltnissen mit Ihnen erforderlich ist.<\/li>\n<\/ul>\n\n\n\n<p>Zur Abwicklung Ihrer Bestellung arbeiten wir mit Dienstleistern zusammen, die uns ganz oder teilweise bei der Durchf\u00fchrung geschlossener Vertr\u00e4ge unterst\u00fctzen. An diese Dienstleister werden nach Ma\u00dfgabe der folgenden Informationen bestimmte personenbezogene Daten \u00fcbermittelt.<\/p>\n\n\n\n<p><strong>a) Zahlungsdienstleister<\/strong><\/p>\n\n\n\n<p>Je nach gew\u00e4hlter Zahlungsart geben wir Ihre Zahlungsdaten an das mit der Zahlung beauftragte Kreditinstitut bzw. den Zahlungsdienstleister weiter.<\/p>\n\n\n\n<p><strong>b) Versanddienstleister<\/strong><\/p>\n\n\n\n<p>Zur Lieferung Ihrer Bestellung geben wir Ihre Adressdaten an das mit der Lieferung beauftragte Versandunternehmen weiter.<\/p>\n\n\n\n<p><strong>4. Cookies<\/strong><\/p>\n\n\n\n<p>Wir setzen auf unserer Seite Cookies ein. Hierbei handelt es sich um kleine Dateien, die Ihr Browser automatisch erstellt und die auf Ihrem Endger\u00e4t gespeichert werden, wenn Sie unsere Seite besuchen. Cookies richten auf Ihrem Endger\u00e4t keinen Schaden an, enthalten keine Viren, Trojaner oder sonstige Schadsoftware.<\/p>\n\n\n\n<p>In dem Cookie werden Informationen abgelegt, die sich jeweils im Zusammenhang mit dem spezifisch eingesetzten Endger\u00e4t ergeben. Dies bedeutet jedoch nicht, dass wir dadurch unmittelbar Kenntnis von Ihrer Identit\u00e4t erhalten.<\/p>\n\n\n\n<p>Der Einsatz von Cookies dient einerseits dazu, die Nutzung unseres Angebots f\u00fcr Sie angenehmer zu gestalten. So setzen wir sogenannte Session-Cookies ein, um zu erkennen, dass Sie einzelne Seiten unserer Website bereits besucht haben. Diese werden nach Verlassen unserer Seite automatisch gel\u00f6scht.<\/p>\n\n\n\n<p>Dar\u00fcber hinaus setzen wir ebenfalls zur Optimierung der Benutzerfreundlichkeit tempor\u00e4re Cookies ein, die f\u00fcr einen bestimmten festgelegten Zeitraum auf Ihrem Endger\u00e4t gespeichert werden. Besuchen Sie unsere Seite erneut, um unsere Dienste in Anspruch zu nehmen, wird automatisch erkannt, dass Sie bereits bei uns waren und welche Eingaben und Einstellungen sie get\u00e4tigt haben, um diese nicht noch einmal eingeben zu m\u00fcssen.<\/p>\n\n\n\n<p>Zum anderen setzen wir Cookies ein, um die Nutzung unserer Website statistisch zu erfassen und zum Zwecke der Optimierung unseres Angebotes f\u00fcr Sie auszuwerten (siehe Ziff. 5). Diese Cookies erm\u00f6glichen es uns, bei einem erneuten Besuch unserer Seite automatisch zu erkennen, dass Sie bereits bei uns waren. Diese Cookies werden nach einer jeweils definierten Zeit automatisch gel\u00f6scht.<\/p>\n\n\n\n<p>Die durch Cookies verarbeiteten Daten sind f\u00fcr die genannten Zwecke zur Wahrung unserer berechtigten Interessen sowie der Dritter nach Art. 6 Abs. 1 S. 1 lit. f DSGVO erforderlich.<\/p>\n\n\n\n<p>Die meisten Browser akzeptieren Cookies automatisch. Sie k\u00f6nnen Ihren Browser jedoch so konfigurieren, dass keine Cookies auf Ihrem Computer gespeichert werden oder stets ein Hinweis erscheint, bevor ein neuer Cookie angelegt wird. Die vollst\u00e4ndige Deaktivierung von Cookies kann jedoch dazu f\u00fchren, dass Sie nicht alle Funktionen unserer Website nutzen k\u00f6nnen.<\/p>\n\n\n\n<p><strong>5. Analyse-Tools<\/strong><\/p>\n\n\n\n<p>Wir verwenden auf unserer Website keine Analyse-Tools wie Google Analytics oder \u00e4hnliche Dienste.<\/p>\n\n\n\n<p><strong>6. Social Media Plug-ins<\/strong><\/p>\n\n\n\n<p>Wir setzen auf unserer Website keine Social Media Plug-ins ein.<\/p>\n\n\n\n<p><strong>7. Betroffenenrechte<\/strong><\/p>\n\n\n\n<p>Sie haben das Recht:<\/p>\n\n\n\n<ul class=\"wp-block-list\">\n<li>gem\u00e4\u00df Art. 15 DSGVO Auskunft \u00fcber Ihre von uns verarbeiteten personenbezogenen Daten zu verlangen;<\/li>\n\n\n\n<li>gem\u00e4\u00df Art. 16 DSGVO unverz\u00fcglich die Berichtigung unrichtiger oder Vervollst\u00e4ndigung Ihrer bei uns gespeicherten personenbezogenen Daten zu verlangen;<\/li>\n\n\n\n<li>gem\u00e4\u00df Art. 17 DSGVO die L\u00f6schung Ihrer bei uns gespeicherten personenbezogenen Daten zu verlangen, soweit nicht die Verarbeitung zur Erf\u00fcllung einer rechtlichen Verpflichtung erforderlich ist;<\/li>\n\n\n\n<li>gem\u00e4\u00df Art. 18 DSGVO die Einschr\u00e4nkung der Verarbeitung Ihrer personenbezogenen Daten zu verlangen;<\/li>\n\n\n\n<li>gem\u00e4\u00df Art. 20 DSGVO Ihre personenbezogenen Daten, die Sie uns bereitgestellt haben, in einem strukturierten, g\u00e4ngigen und maschinenlesebaren Format zu erhalten oder die \u00dcbermittlung an einen anderen Verantwortlichen zu verlangen;<\/li>\n\n\n\n<li>gem\u00e4\u00df Art. 7 Abs. 3 DSGVO Ihre einmal erteilte Einwilligung jederzeit gegen\u00fcber uns zu widerrufen;<\/li>\n<\/ul>","protected":false},"excerpt":{"rendered":"<p>Datenschutzerkl\u00e4rung 1. Verantwortlicher Verantwortlich f\u00fcr die Datenverarbeitung auf dieser Website ist: marokkanische-weine GbRLersnerstra\u00dfe 2060322 Frankfurt am MainDeutschland Vertreten durch die gesch\u00e4ftsf\u00fchrenden Gesellschafter:Volkan T\u00fcmolzJamal Jaber Kontakt:E-Mail: info@marokkanische-weine.de 2. Erhebung und Speicherung personenbezogener Daten sowie Art und Zweck von deren Verwendung a) Beim Besuch der Website Beim Aufrufen unserer Website www.marokkanische-weine.de werden durch den auf Ihrem Endger\u00e4t [&hellip;]<\/p>\n","protected":false},"author":1,"featured_media":0,"parent":0,"menu_order":0,"comment_status":"closed","ping_status":"closed","template":"","meta":{"_acf_changed":false,"footnotes":""},"class_list":["post-1721","page","type-page","status-publish","hentry"],"blocksy_meta":[],"acf":[],"_links":{"self":[{"href":"https:\/\/marokkanische-weine.de\/en\/wp-json\/wp\/v2\/pages\/1721","targetHints":{"allow":["GET"]}}],"collection":[{"href":"https:\/\/marokkanische-weine.de\/en\/wp-json\/wp\/v2\/pages"}],"about":[{"href":"https:\/\/marokkanische-weine.de\/en\/wp-json\/wp\/v2\/types\/page"}],"author":[{"embeddable":true,"href":"https:\/\/marokkanische-weine.de\/en\/wp-json\/wp\/v2\/users\/1"}],"replies":[{"embeddable":true,"href":"https:\/\/marokkanische-weine.de\/en\/wp-json\/wp\/v2\/comments?post=1721"}],"version-history":[{"count":2,"href":"https:\/\/marokkanische-weine.de\/en\/wp-json\/wp\/v2\/pages\/1721\/revisions"}],"predecessor-version":[{"id":1723,"href":"https:\/\/marokkanische-weine.de\/en\/wp-json\/wp\/v2\/pages\/1721\/revisions\/1723"}],"wp:attachment":[{"href":"https:\/\/marokkanische-weine.de\/en\/wp-json\/wp\/v2\/media?parent=1721"}],"curies":[{"name":"wp","href":"https:\/\/api.w.org\/{rel}","templated":true}]}}