{"id":1715,"date":"2025-05-09T10:07:05","date_gmt":"2025-05-09T10:07:05","guid":{"rendered":"https:\/\/marokkanische-weine.de\/?page_id=1715"},"modified":"2025-05-19T11:08:06","modified_gmt":"2025-05-19T11:08:06","slug":"impressum","status":"publish","type":"page","link":"https:\/\/marokkanische-weine.de\/en\/impressum\/","title":{"rendered":"Impressum"},"content":{"rendered":"<p><strong>Impressum<\/strong><br>Angaben gem\u00e4\u00df \u00a7 5 TMG<\/p>\n\n\n\n<p><strong>Anbieter:<\/strong><br>marokkanische-weine GbR<br>Lersnerstra\u00dfe 20<br>60322 Frankfurt am Main<br>Deutschland<\/p>\n\n\n\n<p><strong>Vertreten durch die gesch\u00e4ftsf\u00fchrenden Gesellschafter:<\/strong><br>Volkan T\u00fcmolz<br>Jamal Jaber<\/p>\n\n\n\n<p><strong>Kontakt:<\/strong><br>E-Mail: <a>info@marokkanische-weine.de<\/a><br>Telefon: wird auf Anfrage bereitgestellt<\/p>\n\n\n\n<p><strong>Umsatzsteuer-Identifikationsnummer:<\/strong><br>DE452266611<\/p>\n\n\n\n<p><strong>Verantwortlich f\u00fcr den Inhalt nach \u00a7 55 Abs. 2 RStV:<\/strong><br>Jamal Jaber<br>Lersnerstra\u00dfe 20<br>60322 Frankfurt am Main<\/p>\n\n\n\n<hr class=\"wp-block-separator has-alpha-channel-opacity\"\/>\n\n\n\n<p><strong>Haftungshinweis<\/strong><\/p>\n\n\n\n<p><strong>Haftung f\u00fcr Inhalte<\/strong><br>Wir sind gem\u00e4\u00df \u00a7 7 Abs. 1 TMG f\u00fcr die eigenen Inhalte auf unseren Seiten nach den allgemeinen Gesetzen verantwortlich. Nach \u00a7\u00a7 8 bis 10 TMG sind wir jedoch nicht verpflichtet, \u00fcbermittelte oder gespeicherte fremde Inhalte zu \u00fcberwachen oder auf m\u00f6gliche Rechtsverst\u00f6\u00dfe zu pr\u00fcfen. Bei Kenntnis konkreter Rechtsverletzungen entfernen wir entsprechende Inhalte umgehend.<\/p>\n\n\n\n<p><strong>Haftung f\u00fcr externe Links<\/strong><br>Unsere Website enth\u00e4lt Links zu externen Webseiten Dritter. F\u00fcr deren Inhalte \u00fcbernehmen wir keine Gew\u00e4hr. F\u00fcr die Inhalte der verlinkten Seiten ist ausschlie\u00dflich der jeweilige Anbieter verantwortlich. Rechtswidrige Inhalte waren zum Zeitpunkt der Verlinkung nicht erkennbar. Eine permanente Kontrolle externer Inhalte ist ohne konkreten Anlass nicht zumutbar. Sollten uns Rechtsverletzungen bekannt werden, entfernen wir solche Links unverz\u00fcglich.<\/p>\n\n\n\n<hr class=\"wp-block-separator has-alpha-channel-opacity\"\/>\n\n\n\n<p><strong>Urheberrecht<\/strong><br>Die Inhalte und Werke auf dieser Website unterliegen dem deutschen Urheberrecht. Vervielf\u00e4ltigung, Bearbeitung, Verbreitung und jede Art der Verwertung au\u00dferhalb der Grenzen des Urheberrechts bed\u00fcrfen der schriftlichen Zustimmung des jeweiligen Urhebers. Downloads und Kopien dieser Website sind nur f\u00fcr den privaten, nicht kommerziellen Gebrauch erlaubt. Inhalte Dritter werden als solche gekennzeichnet. Falls Sie trotzdem auf eine Urheberrechtsverletzung aufmerksam werden, bitten wir um einen Hinweis \u2013 wir werden entsprechende Inhalte bei Bekanntwerden unverz\u00fcglich entfernen.<\/p>\n\n\n\n<hr class=\"wp-block-separator has-alpha-channel-opacity\"\/>\n\n\n\n<p><strong>Datenschutz<\/strong><br>Die Nutzung unserer Website ist ohne Angabe personenbezogener Daten m\u00f6glich, soweit technisch realisierbar. Sofern personenbezogene Daten (z.\u202fB. Name, Anschrift oder E-Mail-Adresse) erhoben werden, erfolgt dies stets auf freiwilliger Basis. Diese Daten werden ohne ausdr\u00fcckliche Zustimmung nicht an Dritte weitergegeben.<\/p>\n\n\n\n<p>Wir weisen darauf hin, dass die Daten\u00fcbertragung im Internet Sicherheitsl\u00fccken aufweisen kann. Ein l\u00fcckenloser Schutz vor dem Zugriff durch Dritte ist nicht m\u00f6glich. Der Verwendung der Kontaktdaten aus diesem Impressum zur \u00dcbersendung nicht ausdr\u00fccklich angeforderter Werbung oder Informationsmaterialien widersprechen wir hiermit ausdr\u00fccklich.<\/p>\n\n\n\n<hr class=\"wp-block-separator has-alpha-channel-opacity\"\/>\n\n\n\n<p><strong>Einsatz von Google Analytics<\/strong><br>Diese Website verwendet Google Analytics, einen Webanalysedienst der Google Ireland Limited. Google Analytics nutzt Cookies, um eine Analyse Ihrer Nutzung der Website zu erm\u00f6glichen. Die durch Cookies erzeugten Informationen k\u00f6nnen in die USA \u00fcbertragen und dort gespeichert werden. Google verwendet diese Informationen, um Ihre Nutzung der Website auszuwerten und Berichte \u00fcber die Websiteaktivit\u00e4ten zusammenzustellen.<\/p>\n\n\n\n<p>Sie k\u00f6nnen die Speicherung der Cookies durch eine entsprechende Einstellung Ihrer Browser-Software verhindern. Dar\u00fcber hinaus k\u00f6nnen Sie die Erfassung der durch das Cookie erzeugten Daten (inkl. Ihrer IP-Adresse) durch Google verhindern, indem Sie ein Browser-Plugin unter <a>tools.google.com\/dlpage\/gaoptout<\/a> installieren.<\/p>","protected":false},"excerpt":{"rendered":"<p>ImpressumAngaben gem\u00e4\u00df \u00a7 5 TMG Anbieter:marokkanische-weine GbRLersnerstra\u00dfe 2060322 Frankfurt am MainDeutschland Vertreten durch die gesch\u00e4ftsf\u00fchrenden Gesellschafter:Volkan T\u00fcmolzJamal Jaber Kontakt:E-Mail: info@marokkanische-weine.deTelefon: wird auf Anfrage bereitgestellt Umsatzsteuer-Identifikationsnummer:DE452266611 Verantwortlich f\u00fcr den Inhalt nach \u00a7 55 Abs. 2 RStV:Jamal JaberLersnerstra\u00dfe 2060322 Frankfurt am Main Haftungshinweis Haftung f\u00fcr InhalteWir sind gem\u00e4\u00df \u00a7 7 Abs. 1 TMG f\u00fcr die eigenen Inhalte [&hellip;]<\/p>\n","protected":false},"author":1,"featured_media":0,"parent":0,"menu_order":0,"comment_status":"closed","ping_status":"closed","template":"","meta":{"_acf_changed":false,"footnotes":""},"class_list":["post-1715","page","type-page","status-publish","hentry"],"blocksy_meta":[],"acf":[],"_links":{"self":[{"href":"https:\/\/marokkanische-weine.de\/en\/wp-json\/wp\/v2\/pages\/1715","targetHints":{"allow":["GET"]}}],"collection":[{"href":"https:\/\/marokkanische-weine.de\/en\/wp-json\/wp\/v2\/pages"}],"about":[{"href":"https:\/\/marokkanische-weine.de\/en\/wp-json\/wp\/v2\/types\/page"}],"author":[{"embeddable":true,"href":"https:\/\/marokkanische-weine.de\/en\/wp-json\/wp\/v2\/users\/1"}],"replies":[{"embeddable":true,"href":"https:\/\/marokkanische-weine.de\/en\/wp-json\/wp\/v2\/comments?post=1715"}],"version-history":[{"count":5,"href":"https:\/\/marokkanische-weine.de\/en\/wp-json\/wp\/v2\/pages\/1715\/revisions"}],"predecessor-version":[{"id":1739,"href":"https:\/\/marokkanische-weine.de\/en\/wp-json\/wp\/v2\/pages\/1715\/revisions\/1739"}],"wp:attachment":[{"href":"https:\/\/marokkanische-weine.de\/en\/wp-json\/wp\/v2\/media?parent=1715"}],"curies":[{"name":"wp","href":"https:\/\/api.w.org\/{rel}","templated":true}]}}